{"id":3107,"date":"2020-11-10T09:18:31","date_gmt":"2020-11-10T09:18:31","guid":{"rendered":"https:\/\/heattreatmentsolution.eu\/?page_id=3107"},"modified":"2021-03-02T10:04:59","modified_gmt":"2021-03-02T10:04:59","slug":"high-temperature-chamber-furnace","status":"publish","type":"page","link":"https:\/\/www.kepka.tech\/de\/hochtemperaturkammerofen\/","title":{"rendered":"Hochtemperaturkammer\u00f6fen bis zu 1800\u00b0C"},"content":{"rendered":"<div class=\"fusion-fullwidth fullwidth-box fusion-builder-row-1 fusion-flex-container nonhundred-percent-fullwidth non-hundred-percent-height-scrolling\" style=\"--awb-border-radius-top-left:0px;--awb-border-radius-top-right:0px;--awb-border-radius-bottom-right:0px;--awb-border-radius-bottom-left:0px;--awb-flex-wrap:wrap;\" ><div class=\"fusion-builder-row fusion-row fusion-flex-align-items-flex-start fusion-flex-content-wrap\" style=\"max-width:1216.8px;margin-left: calc(-4% \/ 2 );margin-right: calc(-4% \/ 2 );\"><div class=\"fusion-layout-column fusion_builder_column fusion-builder-column-0 fusion_builder_column_1_2 1_2 fusion-flex-column\" style=\"--awb-bg-size:cover;--awb-width-large:50%;--awb-margin-top-large:0px;--awb-spacing-right-large:3.84%;--awb-margin-bottom-large:20px;--awb-spacing-left-large:3.84%;--awb-width-medium:100%;--awb-order-medium:0;--awb-spacing-right-medium:1.92%;--awb-spacing-left-medium:1.92%;--awb-width-small:100%;--awb-order-small:0;--awb-spacing-right-small:1.92%;--awb-spacing-left-small:1.92%;\"><div class=\"fusion-column-wrapper fusion-column-has-shadow fusion-flex-justify-content-flex-start fusion-content-layout-column\"><div class=\"fusion-separator\" style=\"align-self: center;margin-left: auto;margin-right: auto;margin-top:30px;margin-bottom:60px;width:100%;max-width:40px;\"><div class=\"fusion-separator-border sep-single\" style=\"--awb-height:20px;--awb-amount:20px;border-color:#e0e0e0;border-top-width:1px;\"><\/div><\/div><div class=\"fusion-title title fusion-title-1 fusion-title-text fusion-title-size-one\" style=\"--awb-margin-top-small:0px;--awb-margin-right-small:0px;--awb-margin-bottom-small:20px;--awb-margin-left-small:0px;\"><div class=\"title-sep-container title-sep-container-left fusion-no-large-visibility fusion-no-medium-visibility fusion-no-small-visibility\"><div class=\"title-sep sep- sep-solid\" style=\"border-color:#e0dede;\"><\/div><\/div><span class=\"awb-title-spacer fusion-no-large-visibility fusion-no-medium-visibility fusion-no-small-visibility\"><\/span><h1 class=\"fusion-title-heading title-heading-left fusion-responsive-typography-calculated\" style=\"margin:0;--fontSize:36;line-height:1.4;\"><div class=\"fusion-title title fusion-title-1 fusion-title-text fusion-title-size-one\">\n<p><span style=\"color: #ef8006;\"><strong>HOHE TEMPERATUR<\/strong><\/span><br \/>\nKAMMER\u00d6FEN<\/p>\n<hr \/>\n<div class=\"title-sep-container title-sep-container-right\">\n<div class=\"title-sep sep-\"><\/div>\n<\/div>\n<\/div>\n<div class=\"fusion-text fusion-text-1\"><\/div><\/h1><span class=\"awb-title-spacer\"><\/span><div class=\"title-sep-container title-sep-container-right\"><div class=\"title-sep sep- sep-solid\" style=\"border-color:#e0dede;\"><\/div><\/div><\/div><div class=\"fusion-text fusion-text-1\"><p style=\"text-align: justify;\">Hochtemperaturkammer\u00f6fen werden auf Basis von gebaut <strong><span style=\"color: #ef8006;\">Fasermaterialien<\/span>\u00a0<\/strong>und neueste Technologie <strong><span style=\"color: #ef8006;\">Nanokeramik <\/span><\/strong>werden angewendet in: Milit\u00e4r- und Laborindustrie, Produktion\u00a0<span lang=\"en\">von Spezialarmaturen mit Spritzgussverfahren und Automobil.\u00a0<\/span><\/p>\n<p>Kepka Hochtemperaturkammer\u00f6fen Arbeitstemperaturen:<\/p>\n<p>- Sintertemperaturen bis 1900\u00b0C.<\/p>\n<p>- Variationen der Temperaturkonfigurationen:<\/p>\n<ul>\n<li>1450\u00b0C<span class=\"Apple-converted-space\"><br \/>\n<\/span><\/li>\n<li>1600<span class=\"Apple-converted-space\"> \u00b0C<\/span><\/li>\n<li>1720<span class=\"Apple-converted-space\">\u00b0C<\/span><\/li>\n<li>1800\u00b0C<\/li>\n<li>1900<span class=\"Apple-converted-space\">\u00b0C<\/span><\/li>\n<\/ul>\n<p style=\"text-align: justify;\"><strong><span style=\"color: #ef8006;\">Heizelemente MoSi<sub>2 <\/sub><\/span><\/strong>Sind Gh-Density-Materialien, die aus Molybd\u00e4ndisilizid und selbstbildender Siliziumdioxidglasur bestehen. Es kann bis zu einer Ofentemperatur von 1800 \u00b0 C verwendet werden. Diese Elemente zeichnen sich aus durch: lange Lebensdauer, konstante Leistung, flexibles Design, geringer Energieverbrauch und eine Vielzahl von Qualit\u00e4ten. MoSi<sub>\u00a0<\/sub>Heizelemente MoSi<sub>2\u00a0<\/sub>sind speziell entwickelt und bieten die besten Eigenschaften sowohl von keramischen als auch von metallischen Materialien. Es widersteht Korrosion und Oxidation wie keramische Werkstoffe und weist eine geringe W\u00e4rmeausdehnung auf. MoSi<sub>2<\/sub>\u00a0Heizelemente haben eine hohe thermische und elektrische Leitf\u00e4higkeit. Der W\u00e4rmeschock hat keine Auswirkung auf das Element und kann als Heizelement aufgrund seiner Festigkeit viele Jahre lang verwendet werden. Kepka Hochtemperatur-Kammer\u00f6fen sind ebenfalls ausgestattet mit <span style=\"color: #ef8006;\"><strong>Elektrische Heizelemente aus Siliziumkarbid (SiC)<\/strong><\/span> f\u00fcr Elementtemperaturen bis 1625 \u00b0 C (2927 \u00b0 F), erh\u00e4ltlich in einer Vielzahl von Standardgr\u00f6\u00dfen und -geometrien oder in kundenspezifischen Ausf\u00fchrungen, um den spezifischen Anforderungen verschiedener Prozesse und Ger\u00e4te gerecht zu werden. Die elektrische Heizelementtechnologie aus Siliziumkarbid (SiC) zeichnet sich durch eine leistungsstarke, selbsttragende und gleichm\u00e4\u00dfige, kontrollierte Heizung aus.<br \/>\nDie Konstruktion des Ofens ist nach dem Typ \u201eDrop Bottom\u201c ausgelegt, was eine erh\u00f6hte Sicherheit der Prozesse bietet. L\u00e4ngere Lebensdauer der Elemente, kleinere W\u00e4rmeschocks und die M\u00f6glichkeit der Automatisierung von Lade- und Entladevorg\u00e4ngen im Mehrfachdateimodus.<\/p>\n<\/div><div class=\"accordian fusion-accordian\" style=\"--awb-border-size:1px;--awb-icon-size:13px;--awb-content-font-size:18px;--awb-icon-alignment:left;--awb-hover-color:#f9f9f9;--awb-border-color:#cccccc;--awb-background-color:#ffffff;--awb-divider-color:#e0e0e0;--awb-divider-hover-color:#e0e0e0;--awb-icon-color:#ffffff;--awb-title-color:#757575;--awb-content-color:#5c5c5c;--awb-icon-box-color:#ef7d1d;--awb-toggle-hover-accent-color:#ef7d1d;--awb-title-font-family:&quot;Roboto&quot;;--awb-title-font-weight:300;--awb-title-font-style:normal;--awb-title-font-size:19px;--awb-content-font-family:&quot;Roboto&quot;;--awb-content-font-style:normal;--awb-content-font-weight:300;\"><div class=\"panel-group fusion-toggle-icon-boxed\" id=\"accordion-3107-1\"><div class=\"fusion-panel panel-default panel-21df7e27bd5311b14 fusion-toggle-has-divider\"><div class=\"panel-heading\"><h4 class=\"panel-title toggle\" id=\"toggle_21df7e27bd5311b14\"><a aria-expanded=\"false\" aria-controls=\"21df7e27bd5311b14\" role=\"button\" data-toggle=\"collapse\" data-parent=\"#accordion-3107-1\" data-target=\"#21df7e27bd5311b14\" href=\"#21df7e27bd5311b14\"><span class=\"fusion-toggle-icon-wrapper\" aria-hidden=\"true\"><i class=\"fa-fusion-box active-icon awb-icon-minus\" aria-hidden=\"true\"><\/i><i class=\"fa-fusion-box inactive-icon awb-icon-plus\" aria-hidden=\"true\"><\/i><\/span><span class=\"fusion-toggle-heading\">Auto-Tune-Funktion <\/span><\/a><\/h4><\/div><div id=\"21df7e27bd5311b14\" class=\"panel-collapse collapse\" aria-labelledby=\"toggle_21df7e27bd5311b14\"><div class=\"panel-body toggle-content fusion-clearfix\">\n<p style=\"text-align: justify;\"><span style=\"color: #ef8006;\"><strong>Auto-Tune-Funktion<\/strong><\/span>\u00a0- automatische Abstimmung der Ofenbetriebsbedingungen in Abh\u00e4ngigkeit von der Art der Beschickung, den Prozesseigenschaften und der Technologie. Bei der PID-Regelung reagiert der Ausgang abh\u00e4ngig vom Wert von 3 Parametern: <span style=\"color: #ef8006;\"><strong>Proportional, Integral<\/strong><\/span> und <strong><span style=\"color: #ef8006;\">Derivat.<\/span>.<\/strong> Die Werte dieser Parameter beeinflussen die Abgabe der richtigen Leistungsmenge, um die Temperatur ohne Schwingung auf dem Referenzsignal zu halten. F\u00fcr eine stabile, vibrationsfreie Steuerung des Objekts m\u00fcssen die Werte dieser 3 Parameter an die Eigenschaften des gesteuerten Prozesses angepasst werden. Diese Funktion wird automatisch mithilfe eines erweiterten Selbstoptimierungsalgorithmus in allen Steuerungen ausgef\u00fchrt, die in Kepka Fusing nad Glass Chamber Furnaces installiert sind.<\/p>\n<\/div><\/div><\/div><div class=\"fusion-panel panel-default panel-e9a17fec670666b0b fusion-toggle-has-divider\"><div class=\"panel-heading\"><h4 class=\"panel-title toggle\" id=\"toggle_e9a17fec670666b0b\"><a aria-expanded=\"false\" aria-controls=\"e9a17fec670666b0b\" role=\"button\" data-toggle=\"collapse\" data-parent=\"#accordion-3107-1\" data-target=\"#e9a17fec670666b0b\" href=\"#e9a17fec670666b0b\"><span class=\"fusion-toggle-icon-wrapper\" aria-hidden=\"true\"><i class=\"fa-fusion-box active-icon awb-icon-minus\" aria-hidden=\"true\"><\/i><i class=\"fa-fusion-box inactive-icon awb-icon-plus\" aria-hidden=\"true\"><\/i><\/span><span class=\"fusion-toggle-heading\">Innovative L\u00f6sungen&amp;Vorteile<\/span><\/a><\/h4><\/div><div id=\"e9a17fec670666b0b\" class=\"panel-collapse collapse\" aria-labelledby=\"toggle_e9a17fec670666b0b\"><div class=\"panel-body toggle-content fusion-clearfix\">\n<ul>\n<li>Einfach zu montieren - Plug and Play<\/li>\n<li>Designideologie: Wartungsfreundlich und wartungsfrei<\/li>\n<li><span lang=\"en\">Doppelte Sicherheit f\u00fcr die Temperaturregelung<\/span><\/li>\n<li><span lang=\"en\">Erweiterte Algorithmen zur Analyse des Heizungssystems<\/span><\/li>\n<li>Von Kepka entwickelte Steuerungssoftware f\u00fcr HMI- und PLC-Simens<span class=\"Apple-converted-space\">\u00a0<\/span><\/li>\n<\/ul>\n<\/div><\/div><\/div><div class=\"fusion-panel panel-default panel-f8112a35d9a26a010 fusion-toggle-has-divider\"><div class=\"panel-heading\"><h4 class=\"panel-title toggle\" id=\"toggle_f8112a35d9a26a010\"><a aria-expanded=\"false\" aria-controls=\"f8112a35d9a26a010\" role=\"button\" data-toggle=\"collapse\" data-parent=\"#accordion-3107-1\" data-target=\"#f8112a35d9a26a010\" href=\"#f8112a35d9a26a010\"><span class=\"fusion-toggle-icon-wrapper\" aria-hidden=\"true\"><i class=\"fa-fusion-box active-icon awb-icon-minus\" aria-hidden=\"true\"><\/i><i class=\"fa-fusion-box inactive-icon awb-icon-plus\" aria-hidden=\"true\"><\/i><\/span><span class=\"fusion-toggle-heading\">Steuern<\/span><\/a><\/h4><\/div><div id=\"f8112a35d9a26a010\" class=\"panel-collapse collapse\" aria-labelledby=\"toggle_f8112a35d9a26a010\"><div class=\"panel-body toggle-content fusion-clearfix\">\n<p style=\"text-align: justify;\">In Kepka-\u00d6fen verwendete Steuerungssysteme sorgen f\u00fcr Konstante<span style=\"color: #ef8006;\"><strong> Steuerung des Heizelementbetriebs<\/strong><\/span> - was eine pr\u00e4zise W\u00e4rmebehandlung garantiert\u00a0<span lang=\"en\">Eine pr\u00e4zise Leistungsregelung ist vorhanden <span style=\"color: #ef8006;\"><strong>JUMO Leistungsregler <\/strong><\/span>\u00a0Die fortschrittlichen Jumbo-Leistungsregler bieten eine kompakte, intuitive Steuerung.\u00a0<\/span><\/p>\n<\/div><\/div><\/div><\/div><\/div><div class=\"fusion-separator\" style=\"align-self: center;margin-left: auto;margin-right: auto;margin-top:30px;margin-bottom:60px;width:100%;max-width:40px;\"><div class=\"fusion-separator-border sep-single\" style=\"--awb-height:20px;--awb-amount:20px;border-color:#e0e0e0;border-top-width:1px;\"><\/div><\/div><\/div><\/div><div class=\"fusion-layout-column fusion_builder_column fusion-builder-column-1 fusion_builder_column_1_2 1_2 fusion-flex-column\" style=\"--awb-bg-size:cover;--awb-width-large:50%;--awb-margin-top-large:0px;--awb-spacing-right-large:3.84%;--awb-margin-bottom-large:20px;--awb-spacing-left-large:3.84%;--awb-width-medium:100%;--awb-order-medium:0;--awb-spacing-right-medium:1.92%;--awb-spacing-left-medium:1.92%;--awb-width-small:100%;--awb-order-small:0;--awb-spacing-right-small:1.92%;--awb-spacing-left-small:1.92%;\"><div class=\"fusion-column-wrapper fusion-column-has-shadow fusion-flex-justify-content-flex-start fusion-content-layout-column\"><div class=\"fusion-separator\" style=\"align-self: center;margin-left: auto;margin-right: auto;margin-top:30px;margin-bottom:60px;width:100%;max-width:40px;\"><div class=\"fusion-separator-border sep-single\" style=\"--awb-height:20px;--awb-amount:20px;border-color:#e0e0e0;border-top-width:1px;\"><\/div><\/div><div class=\"fusion-image-element\" style=\"--awb-caption-title-font-family:var(--h2_typography-font-family);--awb-caption-title-font-weight:var(--h2_typography-font-weight);--awb-caption-title-font-style:var(--h2_typography-font-style);--awb-caption-title-size:var(--h2_typography-font-size);--awb-caption-title-transform:var(--h2_typography-text-transform);--awb-caption-title-line-height:var(--h2_typography-line-height);--awb-caption-title-letter-spacing:var(--h2_typography-letter-spacing);\"><span class=\"fusion-imageframe imageframe-none imageframe-1 hover-type-none\"><img decoding=\"async\" width=\"1600\" height=\"1400\" title=\"HighTemperatureChamberFurnaces-kopia\" src=\"https:\/\/heattreatmentsolution.eu\/wp-content\/uploads\/2020\/11\/HighTemperatureChamberFurnaces-kopia.png\" alt class=\"img-responsive wp-image-3121\"\/><\/span><\/div><div class=\"fusion-separator\" style=\"align-self: center;margin-left: auto;margin-right: auto;margin-top:20px;margin-bottom:30px;width:100%;max-width:30px;\"><div class=\"fusion-separator-border sep-single\" style=\"--awb-height:20px;--awb-amount:20px;border-color:#e0e0e0;border-top-width:1px;\"><\/div><\/div><div class=\"fusion-title title fusion-title-2 fusion-title-center fusion-title-text fusion-title-size-one\" style=\"--awb-margin-top-small:0px;--awb-margin-right-small:0px;--awb-margin-bottom-small:20px;--awb-margin-left-small:0px;\"><div class=\"title-sep-container title-sep-container-left\"><div class=\"title-sep sep- sep-solid\" style=\"border-color:#e0dede;\"><\/div><\/div><span class=\"awb-title-spacer\"><\/span><h1 class=\"fusion-title-heading title-heading-center fusion-responsive-typography-calculated\" style=\"margin:0;--fontSize:36;line-height:1.4;\"><p style=\"text-align: center;\">SCHAU<strong><span style=\"color: #ef8006;\"> DAS VIDEO<\/span><\/strong><\/p><\/h1><span class=\"awb-title-spacer\"><\/span><div class=\"title-sep-container title-sep-container-right\"><div class=\"title-sep sep- sep-solid\" style=\"border-color:#e0dede;\"><\/div><\/div><\/div><div class=\"fusion-video fusion-youtube\" style=\"--awb-max-width:600px;--awb-max-height:360px;\"><div class=\"video-shortcode\"><div class=\"fluid-width-video-wrapper\" style=\"padding-top:60%;\" ><iframe title=\"YouTube video player 1\" src=\"https:\/\/www.youtube.com\/embed\/jzigx7foMUY?wmode=transparent&autoplay=0\" width=\"600\" height=\"360\" allowfullscreen allow=\"autoplay; clipboard-write; encrypted-media; gyroscope; picture-in-picture;\"><\/iframe><\/div><\/div><\/div><div class=\"fusion-separator\" style=\"align-self: center;margin-left: auto;margin-right: auto;margin-top:20px;margin-bottom:30px;width:100%;max-width:30px;\"><div class=\"fusion-separator-border sep-single\" style=\"--awb-height:20px;--awb-amount:20px;border-color:#e0e0e0;border-top-width:1px;\"><\/div><\/div><div class=\"fusion-image-element\" style=\"--awb-caption-title-font-family:var(--h2_typography-font-family);--awb-caption-title-font-weight:var(--h2_typography-font-weight);--awb-caption-title-font-style:var(--h2_typography-font-style);--awb-caption-title-size:var(--h2_typography-font-size);--awb-caption-title-transform:var(--h2_typography-text-transform);--awb-caption-title-line-height:var(--h2_typography-line-height);--awb-caption-title-letter-spacing:var(--h2_typography-letter-spacing);\"><span class=\"fusion-imageframe imageframe-none imageframe-2 hover-type-none\"><img decoding=\"async\" width=\"1600\" height=\"1400\" alt=\"HighTemperautureChamberFurnaces4\" title=\"HighTemperautureChamberFurnaces4\" src=\"https:\/\/heattreatmentsolution.eu\/wp-content\/uploads\/2020\/11\/HighTemperautureChamberFurnaces4.png\" class=\"img-responsive wp-image-3123\"\/><\/span><\/div><\/div><\/div><\/div><\/div>","protected":false},"excerpt":{"rendered":"","protected":false},"author":4,"featured_media":0,"parent":0,"menu_order":0,"comment_status":"closed","ping_status":"closed","template":"100-width.php","meta":{"inline_featured_image":false,"footnotes":""},"class_list":["post-3107","page","type-page","status-publish","hentry"],"yoast_head":"<!-- This site is optimized with the Yoast SEO plugin v27.2 - https:\/\/yoast.com\/product\/yoast-seo-wordpress\/ -->\n<title>High Temperature Chamber Furnaces up to 1800\u00b0C - KEPKA<\/title>\n<meta name=\"description\" content=\"High temperature Chamber Furnaces are based on Fibrous Materials and Latest Technology Nano-Ceramics are applied in: Military and Laboratory industry, Production of specialized fittings with use of Injection Molding Processes and Automotive.\" \/>\n<meta name=\"robots\" content=\"index, follow, max-snippet:-1, max-image-preview:large, max-video-preview:-1\" \/>\n<link rel=\"canonical\" href=\"https:\/\/www.kepka.tech\/de\/hochtemperaturkammerofen\/\" \/>\n<meta property=\"og:locale\" content=\"de_DE\" \/>\n<meta property=\"og:type\" content=\"article\" \/>\n<meta property=\"og:title\" content=\"High Temperature Chamber Furnaces up to 1800\u00b0C - KEPKA\" \/>\n<meta property=\"og:description\" content=\"High temperature Chamber Furnaces are based on Fibrous Materials and Latest Technology Nano-Ceramics are applied in: Military and Laboratory industry, Production of specialized fittings with use of Injection Molding Processes and Automotive.\" \/>\n<meta property=\"og:url\" content=\"https:\/\/www.kepka.tech\/de\/hochtemperaturkammerofen\/\" \/>\n<meta property=\"og:site_name\" content=\"KEPKA\" \/>\n<meta property=\"article:publisher\" content=\"https:\/\/www.facebook.com\/Kepka.tech\" \/>\n<meta property=\"article:modified_time\" content=\"2021-03-02T10:04:59+00:00\" \/>\n<meta name=\"twitter:card\" content=\"summary_large_image\" \/>\n<meta name=\"twitter:label1\" content=\"Gesch\u00e4tzte Lesezeit\" \/>\n\t<meta name=\"twitter:data1\" content=\"10\u00a0Minuten\" \/>\n<script type=\"application\/ld+json\" class=\"yoast-schema-graph\">{\"@context\":\"https:\/\/schema.org\",\"@graph\":[{\"@type\":\"WebPage\",\"@id\":\"https:\/\/www.kepka.tech\/de\/hochtemperaturkammerofen\/\",\"url\":\"https:\/\/www.kepka.tech\/de\/hochtemperaturkammerofen\/\",\"name\":\"High Temperature Chamber Furnaces up to 1800\u00b0C - KEPKA\",\"isPartOf\":{\"@id\":\"https:\/\/www.kepka.tech\/fr\/#website\"},\"datePublished\":\"2020-11-10T09:18:31+00:00\",\"dateModified\":\"2021-03-02T10:04:59+00:00\",\"description\":\"High temperature Chamber Furnaces are based on Fibrous Materials and Latest Technology Nano-Ceramics are applied in: Military and Laboratory industry, Production of specialized fittings with use of Injection Molding Processes and Automotive.\",\"breadcrumb\":{\"@id\":\"https:\/\/www.kepka.tech\/de\/hochtemperaturkammerofen\/#breadcrumb\"},\"inLanguage\":\"de\",\"potentialAction\":[{\"@type\":\"ReadAction\",\"target\":[\"https:\/\/www.kepka.tech\/de\/hochtemperaturkammerofen\/\"]}]},{\"@type\":\"BreadcrumbList\",\"@id\":\"https:\/\/www.kepka.tech\/de\/hochtemperaturkammerofen\/#breadcrumb\",\"itemListElement\":[{\"@type\":\"ListItem\",\"position\":1,\"name\":\"Strona g\u0142\u00f3wna\",\"item\":\"https:\/\/www.kepka.tech\/\"},{\"@type\":\"ListItem\",\"position\":2,\"name\":\"High Temperature Chamber Furnaces up to 1800\u00b0C\"}]},{\"@type\":\"WebSite\",\"@id\":\"https:\/\/www.kepka.tech\/fr\/#website\",\"url\":\"https:\/\/www.kepka.tech\/fr\/\",\"name\":\"KEPKA\",\"description\":\"Polish Producer of Chamber Furnaces and Tunnel Kilns\",\"publisher\":{\"@id\":\"https:\/\/www.kepka.tech\/fr\/#organization\"},\"potentialAction\":[{\"@type\":\"SearchAction\",\"target\":{\"@type\":\"EntryPoint\",\"urlTemplate\":\"https:\/\/www.kepka.tech\/fr\/?s={search_term_string}\"},\"query-input\":{\"@type\":\"PropertyValueSpecification\",\"valueRequired\":true,\"valueName\":\"search_term_string\"}}],\"inLanguage\":\"de\"},{\"@type\":\"Organization\",\"@id\":\"https:\/\/www.kepka.tech\/fr\/#organization\",\"name\":\"Kepka\",\"url\":\"https:\/\/www.kepka.tech\/fr\/\",\"logo\":{\"@type\":\"ImageObject\",\"inLanguage\":\"de\",\"@id\":\"https:\/\/www.kepka.tech\/fr\/#\/schema\/logo\/image\/\",\"url\":\"https:\/\/www.kepka.tech\/wp-content\/uploads\/2020\/09\/Kepka-logo-Orange-4K-e1600164952457.jpg\",\"contentUrl\":\"https:\/\/www.kepka.tech\/wp-content\/uploads\/2020\/09\/Kepka-logo-Orange-4K-e1600164952457.jpg\",\"width\":500,\"height\":168,\"caption\":\"Kepka\"},\"image\":{\"@id\":\"https:\/\/www.kepka.tech\/fr\/#\/schema\/logo\/image\/\"},\"sameAs\":[\"https:\/\/www.facebook.com\/Kepka.tech\"]}]}<\/script>\n<!-- \/ Yoast SEO plugin. -->","yoast_head_json":{"title":"Hochtemperaturkammer\u00f6fen bis zu 1800\u00b0C \u2013 KEPKA","description":"Hochtemperatur-Kammer\u00f6fen basieren auf Fasermaterialien und modernster Technologie. Nanokeramiken werden in folgenden Bereichen eingesetzt: Milit\u00e4r- und Laborindustrie, Herstellung von Spezialarmaturen unter Verwendung von Spritzgussverfahren und Automobilindustrie.","robots":{"index":"index","follow":"follow","max-snippet":"max-snippet:-1","max-image-preview":"max-image-preview:large","max-video-preview":"max-video-preview:-1"},"canonical":"https:\/\/www.kepka.tech\/de\/hochtemperaturkammerofen\/","og_locale":"de_DE","og_type":"article","og_title":"High Temperature Chamber Furnaces up to 1800\u00b0C - KEPKA","og_description":"High temperature Chamber Furnaces are based on Fibrous Materials and Latest Technology Nano-Ceramics are applied in: Military and Laboratory industry, Production of specialized fittings with use of Injection Molding Processes and Automotive.","og_url":"https:\/\/www.kepka.tech\/de\/hochtemperaturkammerofen\/","og_site_name":"KEPKA","article_publisher":"https:\/\/www.facebook.com\/Kepka.tech","article_modified_time":"2021-03-02T10:04:59+00:00","twitter_card":"summary_large_image","twitter_misc":{"Gesch\u00e4tzte Lesezeit":"10\u00a0Minuten"},"schema":{"@context":"https:\/\/schema.org","@graph":[{"@type":"WebPage","@id":"https:\/\/www.kepka.tech\/de\/hochtemperaturkammerofen\/","url":"https:\/\/www.kepka.tech\/de\/hochtemperaturkammerofen\/","name":"Hochtemperaturkammer\u00f6fen bis zu 1800\u00b0C \u2013 KEPKA","isPartOf":{"@id":"https:\/\/www.kepka.tech\/fr\/#website"},"datePublished":"2020-11-10T09:18:31+00:00","dateModified":"2021-03-02T10:04:59+00:00","description":"Hochtemperatur-Kammer\u00f6fen basieren auf Fasermaterialien und modernster Technologie. Nanokeramiken werden in folgenden Bereichen eingesetzt: Milit\u00e4r- und Laborindustrie, Herstellung von Spezialarmaturen unter Verwendung von Spritzgussverfahren und Automobilindustrie.","breadcrumb":{"@id":"https:\/\/www.kepka.tech\/de\/hochtemperaturkammerofen\/#breadcrumb"},"inLanguage":"de","potentialAction":[{"@type":"ReadAction","target":["https:\/\/www.kepka.tech\/de\/hochtemperaturkammerofen\/"]}]},{"@type":"BreadcrumbList","@id":"https:\/\/www.kepka.tech\/de\/hochtemperaturkammerofen\/#breadcrumb","itemListElement":[{"@type":"ListItem","position":1,"name":"Strona g\u0142\u00f3wna","item":"https:\/\/www.kepka.tech\/"},{"@type":"ListItem","position":2,"name":"High Temperature Chamber Furnaces up to 1800\u00b0C"}]},{"@type":"WebSite","@id":"https:\/\/www.kepka.tech\/fr\/#website","url":"https:\/\/www.kepka.tech\/fr\/","name":"KEPKA","description":"Polish Producer of Chamber Furnaces and Tunnel Kilns","publisher":{"@id":"https:\/\/www.kepka.tech\/fr\/#organization"},"potentialAction":[{"@type":"SearchAction","target":{"@type":"EntryPoint","urlTemplate":"https:\/\/www.kepka.tech\/fr\/?s={search_term_string}"},"query-input":{"@type":"PropertyValueSpecification","valueRequired":true,"valueName":"search_term_string"}}],"inLanguage":"de"},{"@type":"Organization","@id":"https:\/\/www.kepka.tech\/fr\/#organization","name":"Kepka","url":"https:\/\/www.kepka.tech\/fr\/","logo":{"@type":"ImageObject","inLanguage":"de","@id":"https:\/\/www.kepka.tech\/fr\/#\/schema\/logo\/image\/","url":"https:\/\/www.kepka.tech\/wp-content\/uploads\/2020\/09\/Kepka-logo-Orange-4K-e1600164952457.jpg","contentUrl":"https:\/\/www.kepka.tech\/wp-content\/uploads\/2020\/09\/Kepka-logo-Orange-4K-e1600164952457.jpg","width":500,"height":168,"caption":"Kepka"},"image":{"@id":"https:\/\/www.kepka.tech\/fr\/#\/schema\/logo\/image\/"},"sameAs":["https:\/\/www.facebook.com\/Kepka.tech"]}]}},"_links":{"self":[{"href":"https:\/\/www.kepka.tech\/de\/wp-json\/wp\/v2\/pages\/3107","targetHints":{"allow":["GET"]}}],"collection":[{"href":"https:\/\/www.kepka.tech\/de\/wp-json\/wp\/v2\/pages"}],"about":[{"href":"https:\/\/www.kepka.tech\/de\/wp-json\/wp\/v2\/types\/page"}],"author":[{"embeddable":true,"href":"https:\/\/www.kepka.tech\/de\/wp-json\/wp\/v2\/users\/4"}],"replies":[{"embeddable":true,"href":"https:\/\/www.kepka.tech\/de\/wp-json\/wp\/v2\/comments?post=3107"}],"version-history":[{"count":0,"href":"https:\/\/www.kepka.tech\/de\/wp-json\/wp\/v2\/pages\/3107\/revisions"}],"wp:attachment":[{"href":"https:\/\/www.kepka.tech\/de\/wp-json\/wp\/v2\/media?parent=3107"}],"curies":[{"name":"wp","href":"https:\/\/api.w.org\/{rel}","templated":true}]}}