{"id":3444,"date":"2020-11-17T10:17:54","date_gmt":"2020-11-17T10:17:54","guid":{"rendered":"https:\/\/heattreatmentsolution.eu\/?page_id=3444"},"modified":"2021-05-04T10:09:08","modified_gmt":"2021-05-04T10:09:08","slug":"microwave-tunnel-kilns-for-drying","status":"publish","type":"page","link":"https:\/\/www.kepka.tech\/de\/mikrowellentunnelofen-zum-trocknen\/","title":{"rendered":"Microwelleofen zum Trocken"},"content":{"rendered":"<div class=\"fusion-fullwidth fullwidth-box fusion-builder-row-1 fusion-flex-container nonhundred-percent-fullwidth non-hundred-percent-height-scrolling\" style=\"--awb-border-radius-top-left:0px;--awb-border-radius-top-right:0px;--awb-border-radius-bottom-right:0px;--awb-border-radius-bottom-left:0px;--awb-flex-wrap:wrap;\" ><div class=\"fusion-builder-row fusion-row fusion-flex-align-items-flex-start fusion-flex-content-wrap\" style=\"max-width:1216.8px;margin-left: calc(-4% \/ 2 );margin-right: calc(-4% \/ 2 );\"><div class=\"fusion-layout-column fusion_builder_column fusion-builder-column-0 fusion_builder_column_1_2 1_2 fusion-flex-column\" style=\"--awb-bg-size:cover;--awb-width-large:50%;--awb-margin-top-large:0px;--awb-spacing-right-large:3.84%;--awb-margin-bottom-large:20px;--awb-spacing-left-large:3.84%;--awb-width-medium:100%;--awb-order-medium:0;--awb-spacing-right-medium:1.92%;--awb-spacing-left-medium:1.92%;--awb-width-small:100%;--awb-order-small:0;--awb-spacing-right-small:1.92%;--awb-spacing-left-small:1.92%;\"><div class=\"fusion-column-wrapper fusion-column-has-shadow fusion-flex-justify-content-flex-start fusion-content-layout-column\"><div class=\"fusion-title title fusion-title-1 fusion-title-text fusion-title-size-one\" style=\"--awb-margin-top-small:0px;--awb-margin-right-small:0px;--awb-margin-bottom-small:20px;--awb-margin-left-small:0px;\"><div class=\"title-sep-container title-sep-container-left fusion-no-large-visibility fusion-no-medium-visibility fusion-no-small-visibility\"><div class=\"title-sep sep- sep-solid\" style=\"border-color:#e0dede;\"><\/div><\/div><span class=\"awb-title-spacer fusion-no-large-visibility fusion-no-medium-visibility fusion-no-small-visibility\"><\/span><h1 class=\"fusion-title-heading title-heading-left fusion-responsive-typography-calculated\" style=\"margin:0;--fontSize:36;line-height:1.4;\"><p><span style=\"color: #ef8006;\"><strong>MIKROWELLENOFEN\u00a0<\/strong><\/span><br \/>\nZUM TROCKEN<\/p>\n<hr \/>\n<div class=\"title-sep-container title-sep-container-right\">\n<div class=\"title-sep sep-\"><\/div>\n<\/div><\/h1><span class=\"awb-title-spacer\"><\/span><div class=\"title-sep-container title-sep-container-right\"><div class=\"title-sep sep- sep-solid\" style=\"border-color:#e0dede;\"><\/div><\/div><\/div><div class=\"fusion-text fusion-text-1\"><h2><span style=\"color: #ef8006;\">Microwave Dryer include: <\/span><\/h2>\n<ul>\n<li>Trocknen von Lebensmitteln mit Mikrowellen,<\/li>\n<li>Atmosph\u00e4ren- und Vakuumtrommeltrockner, andere spezielle Konstruktionen, z. Durchflusserhitzer usw.<\/li>\n<li>Mikrowellentrockner: Kammertrockner, die bei atmosph\u00e4rischem Druck betrieben werden<\/li>\n<li>Wirbel- und Pulso-Fl\u00fcssigkeitstrockner, Bandtrockner,<\/li>\n<\/ul>\n<p>&nbsp;<\/p>\n<h2 style=\"text-align: center;\"><span style=\"color: #ef8006;\">Arten von Mikrowellentrocknern:<\/span><\/h2>\n<p>&nbsp;<\/p>\n<h2><span style=\"color: #ef8006;\">Kammertrockner: <\/span><\/h2>\n<p id=\"tw-target-text\" class=\"tw-data-text tw-text-large XcVN5d tw-ta\" dir=\"ltr\" style=\"text-align: justify;\" data-placeholder=\"T\u0142umaczenie\"><span lang=\"en\">Mikrowellenkammertrockner werden im industriellen Ma\u00dfstab aufgrund der ungleichm\u00e4\u00dfigen Erw\u00e4rmung des getrockneten Materials sehr selten verwendet. Dieser Effekt wird durch Bewegung (Drehung) innerhalb der Kammer innerhalb der Kammer beseitigt. Ein Beispiel sind handels\u00fcbliche Mikrowellen\u00f6fen mit einer rotierenden Platte, auf die das zu erhitzende (getrocknete) Material gelegt wird. \u00a0<\/span><\/p>\n<p dir=\"ltr\" style=\"text-align: justify;\" data-placeholder=\"T\u0142umaczenie\">Um den Effekt der Bildung eines ungleichm\u00e4\u00dfigen Feldes innerhalb der Kammer zu minimieren, werden Systeme verwendet, die mit einer gro\u00dfen Anzahl von Mikrowellengeneratoren mit geringer Leistung oder mit Generatoren ausgestattet sind, die im unteren Frequenzbereich (30 MHz - 300 MHz) arbeiten.<\/p>\n<h2><span style=\"color: #ef8006;\">Wirbelschichttrockner mit Mikrowellenheizung<\/span><\/h2>\n<p dir=\"ltr\" style=\"text-align: justify;\" data-placeholder=\"T\u0142umaczenie\"><span lang=\"en\"> Das im Luftstrom schwimmende getrocknete Material wird mit Mikrowellen erhitzt, die von mehreren Mikrowellengeneratoren in die Trockenkammer eingef\u00fchrt werden.<\/span><\/p>\n<h2><span style=\"color: #ef8006;\">Pulse-Fluid-Trockner\u00a0<\/span><\/h2>\n<p id=\"tw-target-text\" class=\"tw-data-text tw-text-large XcVN5d tw-ta\" dir=\"ltr\" style=\"text-align: justify;\" data-placeholder=\"T\u0142umaczenie\"><span lang=\"en\">Trockner f\u00fcr die sogenannte Endtrocknung. Das Material kann durch ein herk\u00f6mmliches Verfahren getrocknet werden, bis es einen Feuchtigkeitsgehalt von etwa 20 bis 25% erreicht - und wird dann in einem Mikrowellenvakuumofen getrocknet. Der Trockner wird auf der Basis eines typischen Fleischbechers hergestellt, der von Mikrowellengeneratoren mit einer Leistung von 6 kW (f-2450 MHz) angetrieben wird.<\/span><\/p>\n<h2><span style=\"color: #ef8006;\">Niederdruck-Mikrowellentrockner<\/span><\/h2>\n<p dir=\"ltr\" style=\"text-align: justify;\" data-placeholder=\"T\u0142umaczenie\">Zum Trocknen von Gem\u00fcse und Obst aus der sogenannten \"Puffing\" -Effekt (Explosion) <span style=\"color: #ef8006;\"><b>paffen<\/b><\/span> ist ein Verarbeitungssystem, das hei\u00dfe Luft erm\u00f6glicht <span style=\"color: #ef8006;\"><b>trocknen<\/b><\/span> von Obst und Gem\u00fcse. Explosion <span style=\"color: #ef8006;\"><b>puffed<\/b><\/span> Lebensmittel sind leicht zu rehydrieren und haben ausgezeichnete sensorische Eigenschaften. Die Prozesskosten sind \u00e4hnlich wie bei herk\u00f6mmlicher Hei\u00dfluft <span style=\"color: #ef8006;\"><b>trocknen<\/b><\/span>.)<\/p>\n<\/div><div class=\"fusion-separator\" style=\"align-self: center;margin-left: auto;margin-right: auto;margin-top:30px;margin-bottom:60px;width:100%;max-width:40px;\"><div class=\"fusion-separator-border sep-single\" style=\"--awb-height:20px;--awb-amount:20px;border-color:#e0e0e0;border-top-width:1px;\"><\/div><\/div><div class=\"accordian fusion-accordian\" style=\"--awb-border-size:1px;--awb-icon-size:13px;--awb-content-font-size:18px;--awb-icon-alignment:left;--awb-hover-color:#f9f9f9;--awb-border-color:#cccccc;--awb-background-color:#ffffff;--awb-divider-color:#e0e0e0;--awb-divider-hover-color:#e0e0e0;--awb-icon-color:#ffffff;--awb-title-color:#757575;--awb-content-color:#5c5c5c;--awb-icon-box-color:#ef7d1d;--awb-toggle-hover-accent-color:#ef7d1d;--awb-title-font-family:&quot;Roboto&quot;;--awb-title-font-weight:300;--awb-title-font-style:normal;--awb-title-font-size:19px;--awb-content-font-family:&quot;Roboto&quot;;--awb-content-font-style:normal;--awb-content-font-weight:300;\"><div class=\"panel-group fusion-toggle-icon-boxed\" id=\"accordion-3444-1\"><div class=\"fusion-panel panel-default panel-9f57c50f881a6ea75 fusion-toggle-has-divider\"><div class=\"panel-heading\"><h4 class=\"panel-title toggle\" id=\"toggle_9f57c50f881a6ea75\"><a aria-expanded=\"false\" aria-controls=\"9f57c50f881a6ea75\" role=\"button\" data-toggle=\"collapse\" data-parent=\"#accordion-3444-1\" data-target=\"#9f57c50f881a6ea75\" href=\"#9f57c50f881a6ea75\"><span class=\"fusion-toggle-icon-wrapper\" aria-hidden=\"true\"><i class=\"fa-fusion-box active-icon awb-icon-minus\" aria-hidden=\"true\"><\/i><i class=\"fa-fusion-box inactive-icon awb-icon-plus\" aria-hidden=\"true\"><\/i><\/span><span class=\"fusion-toggle-heading\">Vorteile der Mikrowellentrocknung<\/span><\/a><\/h4><\/div><div id=\"9f57c50f881a6ea75\" class=\"panel-collapse collapse\" aria-labelledby=\"toggle_9f57c50f881a6ea75\"><div class=\"panel-body toggle-content fusion-clearfix\">\n<ul>\n<li>\n<p class=\"tw-data-text tw-text-large XcVN5d tw-ta\" dir=\"ltr\" data-placeholder=\"T\u0142umaczenie\"><span lang=\"en\"><span style=\"color: #ef8006;\">hohe Energieeffizienz\u00a0<\/span><br \/>\n<\/span><\/p>\n<p><span lang=\"en\">Die Energieeffizienz des Trocknungsprozesses ist sehr hoch. Bei einigen Materialien werden mehr als 60% der Energie direkt zum Verdampfen des Wassers verwendet.<\/span><\/li>\n<li>\n<p class=\"tw-data-text tw-text-large XcVN5d tw-ta\" dir=\"ltr\" data-placeholder=\"T\u0142umaczenie\"><span lang=\"en\"><span style=\"color: #ef8006;\">Die Geschwindigkeit des Trocknungsprozesses\u00a0<\/span><br \/>\n<\/span><\/p>\n<p id=\"tw-target-text\" class=\"tw-data-text tw-text-large XcVN5d tw-ta\" dir=\"ltr\" data-placeholder=\"T\u0142umaczenie\"><span lang=\"en\">Die Anlage zeichnet sich durch einen sehr schnellen Trocknungsprozess aus, praktisch unabh\u00e4ngig von den \u00e4u\u00dferen Bedingungen (Temperatur und Luftfeuchtigkeit drau\u00dfen).<\/span><\/p>\n<\/li>\n<li>\n<p id=\"tw-target-text\" class=\"tw-data-text tw-text-large XcVN5d tw-ta\" dir=\"ltr\" data-placeholder=\"T\u0142umaczenie\"><span lang=\"en\"><span style=\"color: #ef8006;\">Niedrige Prozesstemperatur<\/span><\/span><\/p>\n<p>Der endg\u00fcltige Trocknungsprozess wird bei einer relativ niedrigen Temperatur durchgef\u00fchrt und die endg\u00fcltige Trocknungszeit ist sehr kurz. Dies erm\u00f6glicht es, getrocknetes Gem\u00fcse und Obst mit sehr guten Qualit\u00e4tsparametern zu erhalten, die in herk\u00f6mmlichen Trocknern nicht erhalten werden. Dadurch bleiben biologisch aktive Inhaltsstoffe erhalten, darunter Vitamine und Elemente, die den Geschmack von Trockenfr\u00fcchten bestimmen.<\/li>\n<li>\n<p class=\"tw-data-text tw-text-large XcVN5d tw-ta\" dir=\"ltr\" data-placeholder=\"T\u0142umaczenie\"><span lang=\"en\"><span style=\"color: #ef8006;\">Schnelle Rehydratation von Kr\u00e4utern\u00a0<\/span><br \/>\n<\/span><\/p>\n<p id=\"tw-target-text\" class=\"tw-data-text tw-text-large XcVN5d tw-ta\" dir=\"ltr\" data-placeholder=\"T\u0142umaczenie\"><span lang=\"en\">Sehr guter Rehydratisierungsfaktor (hohe Wasseraufnahmef\u00e4higkeit des getrockneten Materials).<\/span><\/p>\n<p id=\"tw-target-text\" class=\"tw-data-text tw-text-large XcVN5d tw-ta\" dir=\"ltr\" data-placeholder=\"T\u0142umaczenie\"><span lang=\"en\">\u00a0<\/span><\/p>\n<\/li>\n<\/ul>\n<\/div><\/div><\/div><\/div><\/div><\/div><\/div><div class=\"fusion-layout-column fusion_builder_column fusion-builder-column-1 fusion_builder_column_1_2 1_2 fusion-flex-column\" style=\"--awb-bg-size:cover;--awb-width-large:50%;--awb-margin-top-large:0px;--awb-spacing-right-large:3.84%;--awb-margin-bottom-large:20px;--awb-spacing-left-large:3.84%;--awb-width-medium:100%;--awb-order-medium:0;--awb-spacing-right-medium:1.92%;--awb-spacing-left-medium:1.92%;--awb-width-small:100%;--awb-order-small:0;--awb-spacing-right-small:1.92%;--awb-spacing-left-small:1.92%;\"><div class=\"fusion-column-wrapper fusion-column-has-shadow fusion-flex-justify-content-flex-start fusion-content-layout-column\"><div class=\"fusion-title title fusion-title-2 fusion-title-center fusion-title-text fusion-title-size-one\" style=\"--awb-margin-top-small:0px;--awb-margin-right-small:0px;--awb-margin-bottom-small:20px;--awb-margin-left-small:0px;\"><div class=\"title-sep-container title-sep-container-left\"><div class=\"title-sep sep- sep-solid\" style=\"border-color:#e0dede;\"><\/div><\/div><span class=\"awb-title-spacer\"><\/span><h1 class=\"fusion-title-heading title-heading-center fusion-responsive-typography-calculated\" style=\"margin:0;--fontSize:36;line-height:1.4;\"><p>KAMMER <span style=\"color: #ef8006;\">TROCKNER\u00a0<\/span><\/p>\n<hr \/>\n<div class=\"title-sep-container title-sep-container-right\">\n<div class=\"title-sep sep-\"><\/div>\n<\/div><\/h1><span class=\"awb-title-spacer\"><\/span><div class=\"title-sep-container title-sep-container-right\"><div class=\"title-sep sep- sep-solid\" style=\"border-color:#e0dede;\"><\/div><\/div><\/div><div class=\"fusion-image-element\" style=\"--awb-caption-title-font-family:var(--h2_typography-font-family);--awb-caption-title-font-weight:var(--h2_typography-font-weight);--awb-caption-title-font-style:var(--h2_typography-font-style);--awb-caption-title-size:var(--h2_typography-font-size);--awb-caption-title-transform:var(--h2_typography-text-transform);--awb-caption-title-line-height:var(--h2_typography-line-height);--awb-caption-title-letter-spacing:var(--h2_typography-letter-spacing);\"><span class=\"fusion-imageframe imageframe-none imageframe-1 hover-type-none\"><img decoding=\"async\" width=\"1600\" height=\"1400\" title=\"Chamber-for-Ceramic-f2\" src=\"https:\/\/www.kepka.tech\/wp-content\/uploads\/2020\/11\/Chamber-for-Ceramic-f2.png\" alt class=\"img-responsive wp-image-3447\" srcset=\"https:\/\/www.kepka.tech\/wp-content\/uploads\/2020\/11\/Chamber-for-Ceramic-f2-200x175.png 200w, https:\/\/www.kepka.tech\/wp-content\/uploads\/2020\/11\/Chamber-for-Ceramic-f2-400x350.png 400w, https:\/\/www.kepka.tech\/wp-content\/uploads\/2020\/11\/Chamber-for-Ceramic-f2-600x525.png 600w, https:\/\/www.kepka.tech\/wp-content\/uploads\/2020\/11\/Chamber-for-Ceramic-f2-800x700.png 800w, https:\/\/www.kepka.tech\/wp-content\/uploads\/2020\/11\/Chamber-for-Ceramic-f2-1200x1050.png 1200w, https:\/\/www.kepka.tech\/wp-content\/uploads\/2020\/11\/Chamber-for-Ceramic-f2.png 1600w\" sizes=\"(max-width: 1040px) 100vw, (max-width: 640px) 100vw, 600px\" \/><\/span><\/div><div class=\"fusion-separator\" style=\"align-self: center;margin-left: auto;margin-right: auto;margin-top:30px;margin-bottom:60px;width:100%;max-width:40px;\"><div class=\"fusion-separator-border sep-single\" style=\"--awb-height:20px;--awb-amount:20px;border-color:#e0e0e0;border-top-width:1px;\"><\/div><\/div><div class=\"fusion-title title fusion-title-3 fusion-title-center fusion-title-text fusion-title-size-one\" style=\"--awb-margin-top-small:0px;--awb-margin-right-small:0px;--awb-margin-bottom-small:20px;--awb-margin-left-small:0px;\"><div class=\"title-sep-container title-sep-container-left\"><div class=\"title-sep sep- sep-solid\" style=\"border-color:#e0dede;\"><\/div><\/div><span class=\"awb-title-spacer\"><\/span><h1 class=\"fusion-title-heading title-heading-center fusion-responsive-typography-calculated\" style=\"margin:0;--fontSize:36;line-height:1.4;\"><p>FL\u00dcSSIGKEITSBETTTROCKNER MIT<br \/>\n<span style=\"color: #ef8006;\">MIKROWELLENHEIZUNG<\/span>\u00a0<span style=\"color: #ef8006;\"><strong>\u00a0<\/strong><\/span><\/p>\n<hr \/>\n<div class=\"title-sep-container title-sep-container-right\">\n<div class=\"title-sep sep-\"><\/div>\n<\/div><\/h1><span class=\"awb-title-spacer\"><\/span><div class=\"title-sep-container title-sep-container-right\"><div class=\"title-sep sep- sep-solid\" style=\"border-color:#e0dede;\"><\/div><\/div><\/div><div class=\"fusion-image-element\" style=\"--awb-caption-title-font-family:var(--h2_typography-font-family);--awb-caption-title-font-weight:var(--h2_typography-font-weight);--awb-caption-title-font-style:var(--h2_typography-font-style);--awb-caption-title-size:var(--h2_typography-font-size);--awb-caption-title-transform:var(--h2_typography-text-transform);--awb-caption-title-line-height:var(--h2_typography-line-height);--awb-caption-title-letter-spacing:var(--h2_typography-letter-spacing);\"><span class=\"fusion-imageframe imageframe-none imageframe-2 hover-type-none\"><img decoding=\"async\" width=\"1600\" height=\"1400\" title=\"MriwaveChamberFurnaces2\" src=\"https:\/\/www.kepka.tech\/wp-content\/uploads\/2020\/11\/MriwaveChamberFurnaces2.png\" alt class=\"img-responsive wp-image-3449\" srcset=\"https:\/\/www.kepka.tech\/wp-content\/uploads\/2020\/11\/MriwaveChamberFurnaces2-200x175.png 200w, https:\/\/www.kepka.tech\/wp-content\/uploads\/2020\/11\/MriwaveChamberFurnaces2-400x350.png 400w, https:\/\/www.kepka.tech\/wp-content\/uploads\/2020\/11\/MriwaveChamberFurnaces2-600x525.png 600w, https:\/\/www.kepka.tech\/wp-content\/uploads\/2020\/11\/MriwaveChamberFurnaces2-800x700.png 800w, https:\/\/www.kepka.tech\/wp-content\/uploads\/2020\/11\/MriwaveChamberFurnaces2-1200x1050.png 1200w, https:\/\/www.kepka.tech\/wp-content\/uploads\/2020\/11\/MriwaveChamberFurnaces2.png 1600w\" sizes=\"(max-width: 1040px) 100vw, (max-width: 640px) 100vw, 600px\" \/><\/span><\/div><div class=\"fusion-separator\" style=\"align-self: center;margin-left: auto;margin-right: auto;margin-top:30px;margin-bottom:60px;width:100%;max-width:40px;\"><div class=\"fusion-separator-border sep-single\" style=\"--awb-height:20px;--awb-amount:20px;border-color:#e0e0e0;border-top-width:1px;\"><\/div><\/div><div class=\"fusion-title title fusion-title-4 fusion-title-center fusion-title-text fusion-title-size-one\" style=\"--awb-margin-top-small:0px;--awb-margin-right-small:0px;--awb-margin-bottom-small:20px;--awb-margin-left-small:0px;\"><div class=\"title-sep-container title-sep-container-left\"><div class=\"title-sep sep- sep-solid\" style=\"border-color:#e0dede;\"><\/div><\/div><span class=\"awb-title-spacer\"><\/span><h1 class=\"fusion-title-heading title-heading-center fusion-responsive-typography-calculated\" style=\"margin:0;--fontSize:36;line-height:1.4;\"><p>NIEDRIGER DRUCK<br \/>\n<span style=\"color: #ef8006;\">MIKROWELLENTROCKNER<\/span><\/p>\n<hr \/>\n<div class=\"title-sep-container title-sep-container-right\">\n<div class=\"title-sep sep-\"><\/div>\n<\/div><\/h1><span class=\"awb-title-spacer\"><\/span><div class=\"title-sep-container title-sep-container-right\"><div class=\"title-sep sep- sep-solid\" style=\"border-color:#e0dede;\"><\/div><\/div><\/div><div class=\"fusion-image-element\" style=\"--awb-caption-title-font-family:var(--h2_typography-font-family);--awb-caption-title-font-weight:var(--h2_typography-font-weight);--awb-caption-title-font-style:var(--h2_typography-font-style);--awb-caption-title-size:var(--h2_typography-font-size);--awb-caption-title-transform:var(--h2_typography-text-transform);--awb-caption-title-line-height:var(--h2_typography-line-height);--awb-caption-title-letter-spacing:var(--h2_typography-letter-spacing);\"><span class=\"fusion-imageframe imageframe-none imageframe-3 hover-type-none\"><img decoding=\"async\" width=\"1600\" height=\"1400\" title=\"micro3\" src=\"https:\/\/www.kepka.tech\/wp-content\/uploads\/2020\/11\/micro3.jpg\" alt class=\"img-responsive wp-image-3450\" srcset=\"https:\/\/www.kepka.tech\/wp-content\/uploads\/2020\/11\/micro3-200x175.jpg 200w, https:\/\/www.kepka.tech\/wp-content\/uploads\/2020\/11\/micro3-400x350.jpg 400w, https:\/\/www.kepka.tech\/wp-content\/uploads\/2020\/11\/micro3-600x525.jpg 600w, https:\/\/www.kepka.tech\/wp-content\/uploads\/2020\/11\/micro3-800x700.jpg 800w, https:\/\/www.kepka.tech\/wp-content\/uploads\/2020\/11\/micro3-1200x1050.jpg 1200w, https:\/\/www.kepka.tech\/wp-content\/uploads\/2020\/11\/micro3.jpg 1600w\" sizes=\"(max-width: 1040px) 100vw, (max-width: 640px) 100vw, 600px\" \/><\/span><\/div><\/div><\/div><\/div><\/div>","protected":false},"excerpt":{"rendered":"","protected":false},"author":4,"featured_media":0,"parent":0,"menu_order":0,"comment_status":"closed","ping_status":"closed","template":"","meta":{"inline_featured_image":false,"footnotes":""},"class_list":["post-3444","page","type-page","status-publish","hentry"],"yoast_head":"<!-- This site is optimized with the Yoast SEO plugin v27.2 - https:\/\/yoast.com\/product\/yoast-seo-wordpress\/ -->\n<title>Microwave Tunnel Kilns for Drying - KEPKA<\/title>\n<meta name=\"robots\" content=\"index, follow, max-snippet:-1, max-image-preview:large, max-video-preview:-1\" \/>\n<link rel=\"canonical\" href=\"https:\/\/www.kepka.tech\/de\/mikrowellentunnelofen-zum-trocknen\/\" \/>\n<meta property=\"og:locale\" content=\"de_DE\" \/>\n<meta property=\"og:type\" content=\"article\" \/>\n<meta property=\"og:title\" content=\"Microwave Tunnel Kilns for Drying - KEPKA\" \/>\n<meta property=\"og:url\" content=\"https:\/\/www.kepka.tech\/de\/mikrowellentunnelofen-zum-trocknen\/\" \/>\n<meta property=\"og:site_name\" content=\"KEPKA\" \/>\n<meta property=\"article:publisher\" content=\"https:\/\/www.facebook.com\/Kepka.tech\" \/>\n<meta property=\"article:modified_time\" content=\"2021-05-04T10:09:08+00:00\" \/>\n<meta name=\"twitter:card\" content=\"summary_large_image\" \/>\n<meta name=\"twitter:label1\" content=\"Gesch\u00e4tzte Lesezeit\" \/>\n\t<meta name=\"twitter:data1\" content=\"11\u00a0Minuten\" \/>\n<script type=\"application\/ld+json\" class=\"yoast-schema-graph\">{\"@context\":\"https:\/\/schema.org\",\"@graph\":[{\"@type\":\"WebPage\",\"@id\":\"https:\/\/www.kepka.tech\/de\/mikrowellentunnelofen-zum-trocknen\/\",\"url\":\"https:\/\/www.kepka.tech\/de\/mikrowellentunnelofen-zum-trocknen\/\",\"name\":\"Microwave Tunnel Kilns for Drying - KEPKA\",\"isPartOf\":{\"@id\":\"https:\/\/www.kepka.tech\/fr\/#website\"},\"datePublished\":\"2020-11-17T10:17:54+00:00\",\"dateModified\":\"2021-05-04T10:09:08+00:00\",\"breadcrumb\":{\"@id\":\"https:\/\/www.kepka.tech\/de\/mikrowellentunnelofen-zum-trocknen\/#breadcrumb\"},\"inLanguage\":\"de\",\"potentialAction\":[{\"@type\":\"ReadAction\",\"target\":[\"https:\/\/www.kepka.tech\/de\/mikrowellentunnelofen-zum-trocknen\/\"]}]},{\"@type\":\"BreadcrumbList\",\"@id\":\"https:\/\/www.kepka.tech\/de\/mikrowellentunnelofen-zum-trocknen\/#breadcrumb\",\"itemListElement\":[{\"@type\":\"ListItem\",\"position\":1,\"name\":\"Strona g\u0142\u00f3wna\",\"item\":\"https:\/\/www.kepka.tech\/\"},{\"@type\":\"ListItem\",\"position\":2,\"name\":\"Microwave Tunnel Kilns for Drying\"}]},{\"@type\":\"WebSite\",\"@id\":\"https:\/\/www.kepka.tech\/fr\/#website\",\"url\":\"https:\/\/www.kepka.tech\/fr\/\",\"name\":\"KEPKA\",\"description\":\"Polish Producer of Chamber Furnaces and Tunnel Kilns\",\"publisher\":{\"@id\":\"https:\/\/www.kepka.tech\/fr\/#organization\"},\"potentialAction\":[{\"@type\":\"SearchAction\",\"target\":{\"@type\":\"EntryPoint\",\"urlTemplate\":\"https:\/\/www.kepka.tech\/fr\/?s={search_term_string}\"},\"query-input\":{\"@type\":\"PropertyValueSpecification\",\"valueRequired\":true,\"valueName\":\"search_term_string\"}}],\"inLanguage\":\"de\"},{\"@type\":\"Organization\",\"@id\":\"https:\/\/www.kepka.tech\/fr\/#organization\",\"name\":\"Kepka\",\"url\":\"https:\/\/www.kepka.tech\/fr\/\",\"logo\":{\"@type\":\"ImageObject\",\"inLanguage\":\"de\",\"@id\":\"https:\/\/www.kepka.tech\/fr\/#\/schema\/logo\/image\/\",\"url\":\"https:\/\/www.kepka.tech\/wp-content\/uploads\/2020\/09\/Kepka-logo-Orange-4K-e1600164952457.jpg\",\"contentUrl\":\"https:\/\/www.kepka.tech\/wp-content\/uploads\/2020\/09\/Kepka-logo-Orange-4K-e1600164952457.jpg\",\"width\":500,\"height\":168,\"caption\":\"Kepka\"},\"image\":{\"@id\":\"https:\/\/www.kepka.tech\/fr\/#\/schema\/logo\/image\/\"},\"sameAs\":[\"https:\/\/www.facebook.com\/Kepka.tech\"]}]}<\/script>\n<!-- \/ Yoast SEO plugin. -->","yoast_head_json":{"title":"Microwelleofen zum Trocken - KEPKA","robots":{"index":"index","follow":"follow","max-snippet":"max-snippet:-1","max-image-preview":"max-image-preview:large","max-video-preview":"max-video-preview:-1"},"canonical":"https:\/\/www.kepka.tech\/de\/mikrowellentunnelofen-zum-trocknen\/","og_locale":"de_DE","og_type":"article","og_title":"Microwave Tunnel Kilns for Drying - KEPKA","og_url":"https:\/\/www.kepka.tech\/de\/mikrowellentunnelofen-zum-trocknen\/","og_site_name":"KEPKA","article_publisher":"https:\/\/www.facebook.com\/Kepka.tech","article_modified_time":"2021-05-04T10:09:08+00:00","twitter_card":"summary_large_image","twitter_misc":{"Gesch\u00e4tzte Lesezeit":"11\u00a0Minuten"},"schema":{"@context":"https:\/\/schema.org","@graph":[{"@type":"WebPage","@id":"https:\/\/www.kepka.tech\/de\/mikrowellentunnelofen-zum-trocknen\/","url":"https:\/\/www.kepka.tech\/de\/mikrowellentunnelofen-zum-trocknen\/","name":"Microwelleofen zum Trocken - KEPKA","isPartOf":{"@id":"https:\/\/www.kepka.tech\/fr\/#website"},"datePublished":"2020-11-17T10:17:54+00:00","dateModified":"2021-05-04T10:09:08+00:00","breadcrumb":{"@id":"https:\/\/www.kepka.tech\/de\/mikrowellentunnelofen-zum-trocknen\/#breadcrumb"},"inLanguage":"de","potentialAction":[{"@type":"ReadAction","target":["https:\/\/www.kepka.tech\/de\/mikrowellentunnelofen-zum-trocknen\/"]}]},{"@type":"BreadcrumbList","@id":"https:\/\/www.kepka.tech\/de\/mikrowellentunnelofen-zum-trocknen\/#breadcrumb","itemListElement":[{"@type":"ListItem","position":1,"name":"Strona g\u0142\u00f3wna","item":"https:\/\/www.kepka.tech\/"},{"@type":"ListItem","position":2,"name":"Microwave Tunnel Kilns for Drying"}]},{"@type":"WebSite","@id":"https:\/\/www.kepka.tech\/fr\/#website","url":"https:\/\/www.kepka.tech\/fr\/","name":"KEPKA","description":"Polish Producer of Chamber Furnaces and Tunnel Kilns","publisher":{"@id":"https:\/\/www.kepka.tech\/fr\/#organization"},"potentialAction":[{"@type":"SearchAction","target":{"@type":"EntryPoint","urlTemplate":"https:\/\/www.kepka.tech\/fr\/?s={search_term_string}"},"query-input":{"@type":"PropertyValueSpecification","valueRequired":true,"valueName":"search_term_string"}}],"inLanguage":"de"},{"@type":"Organization","@id":"https:\/\/www.kepka.tech\/fr\/#organization","name":"Kepka","url":"https:\/\/www.kepka.tech\/fr\/","logo":{"@type":"ImageObject","inLanguage":"de","@id":"https:\/\/www.kepka.tech\/fr\/#\/schema\/logo\/image\/","url":"https:\/\/www.kepka.tech\/wp-content\/uploads\/2020\/09\/Kepka-logo-Orange-4K-e1600164952457.jpg","contentUrl":"https:\/\/www.kepka.tech\/wp-content\/uploads\/2020\/09\/Kepka-logo-Orange-4K-e1600164952457.jpg","width":500,"height":168,"caption":"Kepka"},"image":{"@id":"https:\/\/www.kepka.tech\/fr\/#\/schema\/logo\/image\/"},"sameAs":["https:\/\/www.facebook.com\/Kepka.tech"]}]}},"_links":{"self":[{"href":"https:\/\/www.kepka.tech\/de\/wp-json\/wp\/v2\/pages\/3444","targetHints":{"allow":["GET"]}}],"collection":[{"href":"https:\/\/www.kepka.tech\/de\/wp-json\/wp\/v2\/pages"}],"about":[{"href":"https:\/\/www.kepka.tech\/de\/wp-json\/wp\/v2\/types\/page"}],"author":[{"embeddable":true,"href":"https:\/\/www.kepka.tech\/de\/wp-json\/wp\/v2\/users\/4"}],"replies":[{"embeddable":true,"href":"https:\/\/www.kepka.tech\/de\/wp-json\/wp\/v2\/comments?post=3444"}],"version-history":[{"count":0,"href":"https:\/\/www.kepka.tech\/de\/wp-json\/wp\/v2\/pages\/3444\/revisions"}],"wp:attachment":[{"href":"https:\/\/www.kepka.tech\/de\/wp-json\/wp\/v2\/media?parent=3444"}],"curies":[{"name":"wp","href":"https:\/\/api.w.org\/{rel}","templated":true}]}}