{"id":8214,"date":"2020-12-17T13:29:50","date_gmt":"2020-12-17T13:29:50","guid":{"rendered":"https:\/\/heattreatmentsolution.eu\/?page_id=8214"},"modified":"2021-01-18T13:46:34","modified_gmt":"2021-01-18T13:46:34","slug":"industrial-low-temperature-tunnel-kilns-chamber","status":"publish","type":"page","link":"https:\/\/www.kepka.tech\/es\/camara-de-hornos-tunel-industrial-de-baja-temperatura\/","title":{"rendered":"Hornos industriales de baja temperatura"},"content":{"rendered":"<div class=\"fusion-fullwidth fullwidth-box fusion-builder-row-1 fusion-flex-container nonhundred-percent-fullwidth non-hundred-percent-height-scrolling\" style=\"--awb-border-radius-top-left:0px;--awb-border-radius-top-right:0px;--awb-border-radius-bottom-right:0px;--awb-border-radius-bottom-left:0px;--awb-flex-wrap:wrap;\" ><div class=\"fusion-builder-row fusion-row fusion-flex-align-items-flex-start fusion-flex-content-wrap\" style=\"max-width:1216.8px;margin-left: calc(-4% \/ 2 );margin-right: calc(-4% \/ 2 );\"><div class=\"fusion-layout-column fusion_builder_column fusion-builder-column-0 fusion_builder_column_1_2 1_2 fusion-flex-column\" style=\"--awb-bg-size:cover;--awb-width-large:50%;--awb-margin-top-large:0px;--awb-spacing-right-large:3.84%;--awb-margin-bottom-large:20px;--awb-spacing-left-large:3.84%;--awb-width-medium:100%;--awb-order-medium:0;--awb-spacing-right-medium:1.92%;--awb-spacing-left-medium:1.92%;--awb-width-small:100%;--awb-order-small:0;--awb-spacing-right-small:1.92%;--awb-spacing-left-small:1.92%;\"><div class=\"fusion-column-wrapper fusion-column-has-shadow fusion-flex-justify-content-flex-start fusion-content-layout-column\"><div class=\"fusion-title title fusion-title-1 fusion-title-text fusion-title-size-one\" style=\"--awb-margin-top-small:0px;--awb-margin-right-small:0px;--awb-margin-bottom-small:20px;--awb-margin-left-small:0px;\"><div class=\"title-sep-container title-sep-container-left fusion-no-large-visibility fusion-no-medium-visibility fusion-no-small-visibility\"><div class=\"title-sep sep- sep-solid\" style=\"border-color:#e0dede;\"><\/div><\/div><span class=\"awb-title-spacer fusion-no-large-visibility fusion-no-medium-visibility fusion-no-small-visibility\"><\/span><h1 class=\"fusion-title-heading title-heading-left fusion-responsive-typography-calculated\" style=\"margin:0;--fontSize:36;line-height:1.4;\"><p><strong><span style=\"color: #ef8006;\">BAJA TEMPERATURA<\/span><\/strong><br \/>\nHORNOS INDUSTRIALES<\/p>\n<hr \/><\/h1><span class=\"awb-title-spacer\"><\/span><div class=\"title-sep-container title-sep-container-right\"><div class=\"title-sep sep- sep-solid\" style=\"border-color:#e0dede;\"><\/div><\/div><\/div><div class=\"fusion-text fusion-text-1\"><p id=\"tw-target-text\" class=\"tw-data-text tw-text-large XcVN5d tw-ta\" dir=\"ltr\" style=\"text-align: justify;\" data-placeholder=\"T\u0142umaczenie\"><span lang=\"en\">El Horno T\u00fanel Industrial de Baja Temperatura es un horno guiado de resistencia al cliente para Procesos de Tratamiento T\u00e9rmico de pl\u00e1sticos que no emiten humos de escape, en atm\u00f3sfera oxidante. La dimensi\u00f3n m\u00e1xima de las piezas de trabajo no debe exceder la longitud de 1000 mm y 600 mm.\u00a0<\/span><span lang=\"en\">The tunnel kiln is a kiln that uses resistance heating elements and a system fans with a thermo-circulation system that guarantees even distribution temperatures in heating zones. In order to optimize electricity consumption and increasing the precision of even temperature achievement &#8211; the heating system has remained divided into 15 independently controlled heating sections and a two-zone system.<\/span><\/p>\n<\/div><div class=\"fusion-image-element\" style=\"--awb-caption-title-font-family:var(--h2_typography-font-family);--awb-caption-title-font-weight:var(--h2_typography-font-weight);--awb-caption-title-font-style:var(--h2_typography-font-style);--awb-caption-title-size:var(--h2_typography-font-size);--awb-caption-title-transform:var(--h2_typography-text-transform);--awb-caption-title-line-height:var(--h2_typography-line-height);--awb-caption-title-letter-spacing:var(--h2_typography-letter-spacing);\"><span class=\"fusion-imageframe imageframe-none imageframe-1 hover-type-none\"><img decoding=\"async\" width=\"1368\" height=\"1368\" title=\"LowTemperatureIndustrialKilns3\" src=\"https:\/\/heattreatmentsolution.eu\/wp-content\/uploads\/2020\/12\/LowTemperatureIndustrialKilns3.png\" alt class=\"img-responsive wp-image-8241\" srcset=\"https:\/\/www.kepka.tech\/wp-content\/uploads\/2020\/12\/LowTemperatureIndustrialKilns3-200x200.png 200w, https:\/\/www.kepka.tech\/wp-content\/uploads\/2020\/12\/LowTemperatureIndustrialKilns3-400x400.png 400w, https:\/\/www.kepka.tech\/wp-content\/uploads\/2020\/12\/LowTemperatureIndustrialKilns3-600x600.png 600w, https:\/\/www.kepka.tech\/wp-content\/uploads\/2020\/12\/LowTemperatureIndustrialKilns3-800x800.png 800w, https:\/\/www.kepka.tech\/wp-content\/uploads\/2020\/12\/LowTemperatureIndustrialKilns3-1200x1200.png 1200w, https:\/\/www.kepka.tech\/wp-content\/uploads\/2020\/12\/LowTemperatureIndustrialKilns3.png 1368w\" sizes=\"(max-width: 1040px) 100vw, (max-width: 640px) 100vw, 600px\" \/><\/span><\/div><div class=\"fusion-text fusion-text-2\"><p id=\"tw-target-text\" class=\"tw-data-text tw-text-large XcVN5d tw-ta\" dir=\"ltr\" data-placeholder=\"T\u0142umaczenie\"><span lang=\"en\">1. Tensi\u00f3n de la cinta de transporte lateral<\/span><\/p>\n<p id=\"tw-target-text\" class=\"tw-data-text tw-text-large XcVN5d tw-ta\" dir=\"ltr\" data-placeholder=\"T\u0142umaczenie\"><span lang=\"en\">2. Zona de descarga<\/span><\/p>\n<p id=\"tw-target-text\" class=\"tw-data-text tw-text-large XcVN5d tw-ta\" dir=\"ltr\" data-placeholder=\"T\u0142umaczenie\"><span lang=\"en\">3. Las tapas laterales del horno.\u00a0<\/span><\/p>\n<p id=\"tw-target-text\" class=\"tw-data-text tw-text-large XcVN5d tw-ta\" dir=\"ltr\" data-placeholder=\"T\u0142umaczenie\"><span lang=\"en\">3. Las tapas laterales del horno. <\/span><\/p>\n<p>5. Ventiladores de termocirculaci\u00f3n<\/p>\n<p>6. Armarios de control<\/p>\n<p>7. Armarios de control<\/p>\n<p id=\"tw-target-text\" class=\"tw-data-text tw-text-large XcVN5d tw-ta\" dir=\"ltr\" data-placeholder=\"T\u0142umaczenie\"><span lang=\"en\">8. Motor de transmisi\u00f3n por correa de transporte<\/span><\/p>\n<\/div><\/div><\/div><div class=\"fusion-layout-column fusion_builder_column fusion-builder-column-1 fusion_builder_column_1_2 1_2 fusion-flex-column\" style=\"--awb-bg-size:cover;--awb-width-large:50%;--awb-margin-top-large:0px;--awb-spacing-right-large:3.84%;--awb-margin-bottom-large:20px;--awb-spacing-left-large:3.84%;--awb-width-medium:100%;--awb-order-medium:0;--awb-spacing-right-medium:1.92%;--awb-spacing-left-medium:1.92%;--awb-width-small:100%;--awb-order-small:0;--awb-spacing-right-small:1.92%;--awb-spacing-left-small:1.92%;\"><div class=\"fusion-column-wrapper fusion-column-has-shadow fusion-flex-justify-content-flex-start fusion-content-layout-column\"><div class=\"fusion-separator\" style=\"align-self: center;margin-left: auto;margin-right: auto;margin-top:30px;margin-bottom:30px;width:100%;max-width:30px;\"><div class=\"fusion-separator-border sep-single\" style=\"--awb-height:20px;--awb-amount:20px;border-color:#e0e0e0;border-top-width:1px;\"><\/div><\/div><div class=\"fusion-image-element\" style=\"--awb-caption-title-font-family:var(--h2_typography-font-family);--awb-caption-title-font-weight:var(--h2_typography-font-weight);--awb-caption-title-font-style:var(--h2_typography-font-style);--awb-caption-title-size:var(--h2_typography-font-size);--awb-caption-title-transform:var(--h2_typography-text-transform);--awb-caption-title-line-height:var(--h2_typography-line-height);--awb-caption-title-letter-spacing:var(--h2_typography-letter-spacing);\"><span class=\"fusion-imageframe imageframe-none imageframe-2 hover-type-none\"><img decoding=\"async\" width=\"1368\" height=\"1368\" title=\"12\" src=\"https:\/\/heattreatmentsolution.eu\/wp-content\/uploads\/2020\/12\/12.png\" alt class=\"img-responsive wp-image-8263\" srcset=\"https:\/\/www.kepka.tech\/wp-content\/uploads\/2020\/12\/12-200x200.png 200w, https:\/\/www.kepka.tech\/wp-content\/uploads\/2020\/12\/12-400x400.png 400w, https:\/\/www.kepka.tech\/wp-content\/uploads\/2020\/12\/12-600x600.png 600w, https:\/\/www.kepka.tech\/wp-content\/uploads\/2020\/12\/12-800x800.png 800w, https:\/\/www.kepka.tech\/wp-content\/uploads\/2020\/12\/12-1200x1200.png 1200w, https:\/\/www.kepka.tech\/wp-content\/uploads\/2020\/12\/12.png 1368w\" sizes=\"(max-width: 1040px) 100vw, (max-width: 640px) 100vw, 600px\" \/><\/span><\/div><div class=\"fusion-separator\" style=\"align-self: center;margin-left: auto;margin-right: auto;margin-top:30px;margin-bottom:30px;width:100%;max-width:30px;\"><div class=\"fusion-separator-border sep-single\" style=\"--awb-height:20px;--awb-amount:20px;border-color:#e0e0e0;border-top-width:1px;\"><\/div><\/div><div class=\"fusion-image-element\" style=\"--awb-caption-title-font-family:var(--h2_typography-font-family);--awb-caption-title-font-weight:var(--h2_typography-font-weight);--awb-caption-title-font-style:var(--h2_typography-font-style);--awb-caption-title-size:var(--h2_typography-font-size);--awb-caption-title-transform:var(--h2_typography-text-transform);--awb-caption-title-line-height:var(--h2_typography-line-height);--awb-caption-title-letter-spacing:var(--h2_typography-letter-spacing);\"><span class=\"fusion-imageframe imageframe-none imageframe-3 hover-type-none\"><img decoding=\"async\" width=\"1368\" height=\"1368\" title=\"LowTemperatureIndustrialKiln\" src=\"https:\/\/heattreatmentsolution.eu\/wp-content\/uploads\/2020\/12\/LowTemperatureIndustrialKiln.png\" alt class=\"img-responsive wp-image-8264\" srcset=\"https:\/\/www.kepka.tech\/wp-content\/uploads\/2020\/12\/LowTemperatureIndustrialKiln-200x200.png 200w, https:\/\/www.kepka.tech\/wp-content\/uploads\/2020\/12\/LowTemperatureIndustrialKiln-400x400.png 400w, https:\/\/www.kepka.tech\/wp-content\/uploads\/2020\/12\/LowTemperatureIndustrialKiln-600x600.png 600w, https:\/\/www.kepka.tech\/wp-content\/uploads\/2020\/12\/LowTemperatureIndustrialKiln-800x800.png 800w, https:\/\/www.kepka.tech\/wp-content\/uploads\/2020\/12\/LowTemperatureIndustrialKiln-1200x1200.png 1200w, https:\/\/www.kepka.tech\/wp-content\/uploads\/2020\/12\/LowTemperatureIndustrialKiln.png 1368w\" sizes=\"(max-width: 1040px) 100vw, (max-width: 640px) 100vw, 600px\" \/><\/span><\/div><div class=\"fusion-separator\" style=\"align-self: center;margin-left: auto;margin-right: auto;margin-top:30px;margin-bottom:30px;width:100%;max-width:30px;\"><div class=\"fusion-separator-border sep-single\" style=\"--awb-height:20px;--awb-amount:20px;border-color:#e0e0e0;border-top-width:1px;\"><\/div><\/div><div class=\"fusion-image-element\" style=\"--awb-caption-title-font-family:var(--h2_typography-font-family);--awb-caption-title-font-weight:var(--h2_typography-font-weight);--awb-caption-title-font-style:var(--h2_typography-font-style);--awb-caption-title-size:var(--h2_typography-font-size);--awb-caption-title-transform:var(--h2_typography-text-transform);--awb-caption-title-line-height:var(--h2_typography-line-height);--awb-caption-title-letter-spacing:var(--h2_typography-letter-spacing);\"><span class=\"fusion-imageframe imageframe-none imageframe-4 hover-type-none\"><img decoding=\"async\" width=\"1368\" height=\"1368\" title=\"LowTemp.Indu.1\" src=\"https:\/\/heattreatmentsolution.eu\/wp-content\/uploads\/2020\/12\/LowTemp.Indu_.1.png\" alt class=\"img-responsive wp-image-8265\" srcset=\"https:\/\/www.kepka.tech\/wp-content\/uploads\/2020\/12\/LowTemp.Indu_.1-200x200.png 200w, https:\/\/www.kepka.tech\/wp-content\/uploads\/2020\/12\/LowTemp.Indu_.1-400x400.png 400w, https:\/\/www.kepka.tech\/wp-content\/uploads\/2020\/12\/LowTemp.Indu_.1-600x600.png 600w, https:\/\/www.kepka.tech\/wp-content\/uploads\/2020\/12\/LowTemp.Indu_.1-800x800.png 800w, https:\/\/www.kepka.tech\/wp-content\/uploads\/2020\/12\/LowTemp.Indu_.1-1200x1200.png 1200w, https:\/\/www.kepka.tech\/wp-content\/uploads\/2020\/12\/LowTemp.Indu_.1.png 1368w\" sizes=\"(max-width: 1040px) 100vw, (max-width: 640px) 100vw, 600px\" \/><\/span><\/div><\/div><\/div><\/div><\/div>","protected":false},"excerpt":{"rendered":"","protected":false},"author":4,"featured_media":0,"parent":0,"menu_order":0,"comment_status":"closed","ping_status":"closed","template":"","meta":{"inline_featured_image":false,"footnotes":""},"class_list":["post-8214","page","type-page","status-publish","hentry"],"yoast_head":"<!-- This site is optimized with the Yoast SEO plugin v27.2 - https:\/\/yoast.com\/product\/yoast-seo-wordpress\/ -->\n<title>Industrial Low Temperature Kilns - KEPKA<\/title>\n<meta name=\"description\" content=\"Low Temperature Industrial Tunnel Kiln is a customer, resistance, guided kiln for Heat Treatment Processes of plastics that do not emit exhaust fumes, in atmosphere oxidizing. | Kepka Tunnel Kilns\" \/>\n<meta name=\"robots\" content=\"index, follow, max-snippet:-1, max-image-preview:large, max-video-preview:-1\" \/>\n<link rel=\"canonical\" href=\"https:\/\/www.kepka.tech\/es\/industrial-low-temperature-tunnel-kilns-chamber\/\" \/>\n<meta property=\"og:locale\" content=\"es_ES\" \/>\n<meta property=\"og:type\" content=\"article\" \/>\n<meta property=\"og:title\" content=\"Industrial Low Temperature Kilns - KEPKA\" \/>\n<meta property=\"og:description\" content=\"Low Temperature Industrial Tunnel Kiln is a customer, resistance, guided kiln for Heat Treatment Processes of plastics that do not emit exhaust fumes, in atmosphere oxidizing. | Kepka Tunnel Kilns\" \/>\n<meta property=\"og:url\" content=\"https:\/\/www.kepka.tech\/es\/industrial-low-temperature-tunnel-kilns-chamber\/\" \/>\n<meta property=\"og:site_name\" content=\"KEPKA\" \/>\n<meta property=\"article:publisher\" content=\"https:\/\/www.facebook.com\/Kepka.tech\" \/>\n<meta property=\"article:modified_time\" content=\"2021-01-18T13:46:34+00:00\" \/>\n<meta name=\"twitter:card\" content=\"summary_large_image\" \/>\n<meta name=\"twitter:label1\" content=\"Tiempo de lectura\" \/>\n\t<meta name=\"twitter:data1\" content=\"9 minutos\" \/>\n<script type=\"application\/ld+json\" class=\"yoast-schema-graph\">{\"@context\":\"https:\/\/schema.org\",\"@graph\":[{\"@type\":\"WebPage\",\"@id\":\"https:\/\/www.kepka.tech\/industrial-low-temperature-tunnel-kilns-chamber\/\",\"url\":\"https:\/\/www.kepka.tech\/industrial-low-temperature-tunnel-kilns-chamber\/\",\"name\":\"Industrial Low Temperature Kilns - KEPKA\",\"isPartOf\":{\"@id\":\"https:\/\/www.kepka.tech\/fr\/#website\"},\"datePublished\":\"2020-12-17T13:29:50+00:00\",\"dateModified\":\"2021-01-18T13:46:34+00:00\",\"description\":\"Low Temperature Industrial Tunnel Kiln is a customer, resistance, guided kiln for Heat Treatment Processes of plastics that do not emit exhaust fumes, in atmosphere oxidizing. | Kepka Tunnel Kilns\",\"breadcrumb\":{\"@id\":\"https:\/\/www.kepka.tech\/industrial-low-temperature-tunnel-kilns-chamber\/#breadcrumb\"},\"inLanguage\":\"es\",\"potentialAction\":[{\"@type\":\"ReadAction\",\"target\":[\"https:\/\/www.kepka.tech\/industrial-low-temperature-tunnel-kilns-chamber\/\"]}]},{\"@type\":\"BreadcrumbList\",\"@id\":\"https:\/\/www.kepka.tech\/industrial-low-temperature-tunnel-kilns-chamber\/#breadcrumb\",\"itemListElement\":[{\"@type\":\"ListItem\",\"position\":1,\"name\":\"Strona g\u0142\u00f3wna\",\"item\":\"https:\/\/www.kepka.tech\/\"},{\"@type\":\"ListItem\",\"position\":2,\"name\":\"Industrial Low Temperature Kilns\"}]},{\"@type\":\"WebSite\",\"@id\":\"https:\/\/www.kepka.tech\/fr\/#website\",\"url\":\"https:\/\/www.kepka.tech\/fr\/\",\"name\":\"KEPKA\",\"description\":\"Polish Producer of Chamber Furnaces and Tunnel Kilns\",\"publisher\":{\"@id\":\"https:\/\/www.kepka.tech\/fr\/#organization\"},\"potentialAction\":[{\"@type\":\"SearchAction\",\"target\":{\"@type\":\"EntryPoint\",\"urlTemplate\":\"https:\/\/www.kepka.tech\/fr\/?s={search_term_string}\"},\"query-input\":{\"@type\":\"PropertyValueSpecification\",\"valueRequired\":true,\"valueName\":\"search_term_string\"}}],\"inLanguage\":\"es\"},{\"@type\":\"Organization\",\"@id\":\"https:\/\/www.kepka.tech\/fr\/#organization\",\"name\":\"Kepka\",\"url\":\"https:\/\/www.kepka.tech\/fr\/\",\"logo\":{\"@type\":\"ImageObject\",\"inLanguage\":\"es\",\"@id\":\"https:\/\/www.kepka.tech\/fr\/#\/schema\/logo\/image\/\",\"url\":\"https:\/\/www.kepka.tech\/wp-content\/uploads\/2020\/09\/Kepka-logo-Orange-4K-e1600164952457.jpg\",\"contentUrl\":\"https:\/\/www.kepka.tech\/wp-content\/uploads\/2020\/09\/Kepka-logo-Orange-4K-e1600164952457.jpg\",\"width\":500,\"height\":168,\"caption\":\"Kepka\"},\"image\":{\"@id\":\"https:\/\/www.kepka.tech\/fr\/#\/schema\/logo\/image\/\"},\"sameAs\":[\"https:\/\/www.facebook.com\/Kepka.tech\"]}]}<\/script>\n<!-- \/ Yoast SEO plugin. -->","yoast_head_json":{"title":"Hornos industriales de baja temperatura - KEPKA","description":"El Horno T\u00fanel Industrial de Baja Temperatura es un horno de cliente, resistencia, guiado para Procesos de Tratamiento T\u00e9rmico de pl\u00e1sticos que no emiten humos de escape, en atm\u00f3sfera oxidante. | Hornos de t\u00fanel Kepka","robots":{"index":"index","follow":"follow","max-snippet":"max-snippet:-1","max-image-preview":"max-image-preview:large","max-video-preview":"max-video-preview:-1"},"canonical":"https:\/\/www.kepka.tech\/es\/industrial-low-temperature-tunnel-kilns-chamber\/","og_locale":"es_ES","og_type":"article","og_title":"Industrial Low Temperature Kilns - KEPKA","og_description":"Low Temperature Industrial Tunnel Kiln is a customer, resistance, guided kiln for Heat Treatment Processes of plastics that do not emit exhaust fumes, in atmosphere oxidizing. | Kepka Tunnel Kilns","og_url":"https:\/\/www.kepka.tech\/es\/industrial-low-temperature-tunnel-kilns-chamber\/","og_site_name":"KEPKA","article_publisher":"https:\/\/www.facebook.com\/Kepka.tech","article_modified_time":"2021-01-18T13:46:34+00:00","twitter_card":"summary_large_image","twitter_misc":{"Tiempo de lectura":"9 minutos"},"schema":{"@context":"https:\/\/schema.org","@graph":[{"@type":"WebPage","@id":"https:\/\/www.kepka.tech\/industrial-low-temperature-tunnel-kilns-chamber\/","url":"https:\/\/www.kepka.tech\/industrial-low-temperature-tunnel-kilns-chamber\/","name":"Hornos industriales de baja temperatura - KEPKA","isPartOf":{"@id":"https:\/\/www.kepka.tech\/fr\/#website"},"datePublished":"2020-12-17T13:29:50+00:00","dateModified":"2021-01-18T13:46:34+00:00","description":"El Horno T\u00fanel Industrial de Baja Temperatura es un horno de cliente, resistencia, guiado para Procesos de Tratamiento T\u00e9rmico de pl\u00e1sticos que no emiten humos de escape, en atm\u00f3sfera oxidante. | Hornos de t\u00fanel Kepka","breadcrumb":{"@id":"https:\/\/www.kepka.tech\/industrial-low-temperature-tunnel-kilns-chamber\/#breadcrumb"},"inLanguage":"es","potentialAction":[{"@type":"ReadAction","target":["https:\/\/www.kepka.tech\/industrial-low-temperature-tunnel-kilns-chamber\/"]}]},{"@type":"BreadcrumbList","@id":"https:\/\/www.kepka.tech\/industrial-low-temperature-tunnel-kilns-chamber\/#breadcrumb","itemListElement":[{"@type":"ListItem","position":1,"name":"Strona g\u0142\u00f3wna","item":"https:\/\/www.kepka.tech\/"},{"@type":"ListItem","position":2,"name":"Industrial Low Temperature Kilns"}]},{"@type":"WebSite","@id":"https:\/\/www.kepka.tech\/fr\/#website","url":"https:\/\/www.kepka.tech\/fr\/","name":"KEPKA","description":"Polish Producer of Chamber Furnaces and Tunnel Kilns","publisher":{"@id":"https:\/\/www.kepka.tech\/fr\/#organization"},"potentialAction":[{"@type":"SearchAction","target":{"@type":"EntryPoint","urlTemplate":"https:\/\/www.kepka.tech\/fr\/?s={search_term_string}"},"query-input":{"@type":"PropertyValueSpecification","valueRequired":true,"valueName":"search_term_string"}}],"inLanguage":"es"},{"@type":"Organization","@id":"https:\/\/www.kepka.tech\/fr\/#organization","name":"Kepka","url":"https:\/\/www.kepka.tech\/fr\/","logo":{"@type":"ImageObject","inLanguage":"es","@id":"https:\/\/www.kepka.tech\/fr\/#\/schema\/logo\/image\/","url":"https:\/\/www.kepka.tech\/wp-content\/uploads\/2020\/09\/Kepka-logo-Orange-4K-e1600164952457.jpg","contentUrl":"https:\/\/www.kepka.tech\/wp-content\/uploads\/2020\/09\/Kepka-logo-Orange-4K-e1600164952457.jpg","width":500,"height":168,"caption":"Kepka"},"image":{"@id":"https:\/\/www.kepka.tech\/fr\/#\/schema\/logo\/image\/"},"sameAs":["https:\/\/www.facebook.com\/Kepka.tech"]}]}},"_links":{"self":[{"href":"https:\/\/www.kepka.tech\/es\/wp-json\/wp\/v2\/pages\/8214","targetHints":{"allow":["GET"]}}],"collection":[{"href":"https:\/\/www.kepka.tech\/es\/wp-json\/wp\/v2\/pages"}],"about":[{"href":"https:\/\/www.kepka.tech\/es\/wp-json\/wp\/v2\/types\/page"}],"author":[{"embeddable":true,"href":"https:\/\/www.kepka.tech\/es\/wp-json\/wp\/v2\/users\/4"}],"replies":[{"embeddable":true,"href":"https:\/\/www.kepka.tech\/es\/wp-json\/wp\/v2\/comments?post=8214"}],"version-history":[{"count":0,"href":"https:\/\/www.kepka.tech\/es\/wp-json\/wp\/v2\/pages\/8214\/revisions"}],"wp:attachment":[{"href":"https:\/\/www.kepka.tech\/es\/wp-json\/wp\/v2\/media?parent=8214"}],"curies":[{"name":"wp","href":"https:\/\/api.w.org\/{rel}","templated":true}]}}