{"id":1371,"date":"2020-09-08T11:16:26","date_gmt":"2020-09-08T11:16:26","guid":{"rendered":"https:\/\/heattreatmentsolution.eu\/?page_id=1371"},"modified":"2020-12-29T14:45:18","modified_gmt":"2020-12-29T14:45:18","slug":"fire-resistant-simulation-rapid-heating","status":"publish","type":"page","link":"https:\/\/www.kepka.tech\/fr\/fire-resistant-simulation-rapid-heating\/","title":{"rendered":"Simulation de R\u00e9sistante au Feu"},"content":{"rendered":"<p><div class=\"fusion-fullwidth fullwidth-box fusion-builder-row-1 fusion-flex-container nonhundred-percent-fullwidth non-hundred-percent-height-scrolling\" style=\"--awb-border-radius-top-left:0px;--awb-border-radius-top-right:0px;--awb-border-radius-bottom-right:0px;--awb-border-radius-bottom-left:0px;--awb-flex-wrap:wrap;\" ><div class=\"fusion-builder-row fusion-row fusion-flex-align-items-flex-start fusion-flex-content-wrap\" style=\"max-width:1216.8px;margin-left: calc(-4% \/ 2 );margin-right: calc(-4% \/ 2 );\"><div class=\"fusion-layout-column fusion_builder_column fusion-builder-column-0 fusion_builder_column_1_2 1_2 fusion-flex-column\" style=\"--awb-bg-size:cover;--awb-width-large:50%;--awb-margin-top-large:0px;--awb-spacing-right-large:3.84%;--awb-margin-bottom-large:20px;--awb-spacing-left-large:3.84%;--awb-width-medium:100%;--awb-order-medium:0;--awb-spacing-right-medium:1.92%;--awb-spacing-left-medium:1.92%;--awb-width-small:100%;--awb-order-small:0;--awb-spacing-right-small:1.92%;--awb-spacing-left-small:1.92%;\"><div class=\"fusion-column-wrapper fusion-column-has-shadow fusion-flex-justify-content-flex-start fusion-content-layout-column\"><div class=\"fusion-separator\" style=\"align-self: center;margin-left: auto;margin-right: auto;margin-top:30px;margin-bottom:60px;width:100%;max-width:40%;\"><div class=\"fusion-separator-border sep-single\" style=\"--awb-height:20px;--awb-amount:20px;--awb-sep-color:#ffffff;border-color:#ffffff;border-top-width:1px;\"><\/div><\/div><div class=\"fusion-title title fusion-title-1 fusion-sep-none fusion-title-text fusion-title-size-one\" style=\"--awb-margin-bottom:20px;--awb-margin-top-small:0px;--awb-margin-right-small:0px;--awb-margin-bottom-small:20px;--awb-margin-left-small:0px;\"><h1 class=\"fusion-title-heading title-heading-left fusion-responsive-typography-calculated\" style=\"margin:0;--fontSize:36;line-height:1.4;\"><span style=\"color: #333333;\"><span style=\"caret-color: #ffffff;\">FIRE<\/span> <\/span><span style=\"color: #ef7d1d; font-weight: 900;\">RESISTANT\u00a0<\/span><span style=\"color: #333333;\"><span style=\"caret-color: #ffffff;\">SIMULATION<\/span><\/span><\/h1><\/div><div class=\"fusion-separator\" style=\"align-self: flex-start;margin-right:auto;margin-top:30px;margin-bottom:60px;width:100%;max-width:40%;\"><div class=\"fusion-separator-border sep-single\" style=\"--awb-height:20px;--awb-amount:20px;--awb-sep-color:#ef7d1d;border-color:#ef7d1d;border-top-width:1px;\"><\/div><\/div><div class=\"fusion-text fusion-text-1\"><p style=\"text-align: justify;\">Les   Dispositifs   de   Simulation   de   R\u00e9sistance   au   Feu   con\u00e7us   par   Kepka   sont capables d'atteindre des temp\u00e9ratures de 760\u00b0C en 20 minutes et d'effectuer des\u200b\nprocessus conform\u00e9ment \u00e0 la norme ISO 834-1 (Test de R\u00e9sistance au Feu). Pr\u00e9cision de temp\u00e9rature, m\u00eame dans des conditions difficiles, qui est confirm\u00e9e \u00e0 chaque fois par des tests.<\/p>\n<p style=\"text-align: justify;\">Les isolations thermiques sont con\u00e7ues avec l'utilisation de la technologie Thermal\nShock avec un coefficient de dilatation thermique faible ou nul.<\/p>\n<p style=\"text-align: justify;\">Les syst\u00e8mes de chauffage multizones sont con\u00e7us pour une gamme de chambres,\nce qui permet une utilisation totale de la puissance tout en maintenant l'\u00e9quilibre de\ntemp\u00e9rature par le syst\u00e8me. Nous le confirmons empiriquement \u00e0 chaque fois en\ng\u00e9n\u00e9rant des mises \u00e0 jour avec des cartes de temp\u00e9rature. Les appareils sont \u00e9quip\u00e9s d'une fen\u00eatre d'inspection qui permet l'enregistrement vid\u00e9o du processus, une fois que la chambre est en \u00e9tat de fonctionnement.\nApplication : industrie du gaz, laboratoires de fabricants de compteurs de gaz, ainsi\nque l'automobile pour les v\u00e9hicules \u00e9lectriques.<\/p>\n<p style=\"text-align: justify;\">The devices are equipped with inspection window that allows video recording of the process, once the chamber is in a working condition.<\/p>\n<p>Application: gas industry, gas meter manufacturers&#8217; laboratories, as well as automotive for electric vehicles.<span class=\"Apple-converted-space\">\u00a0<\/span><\/p>\n<\/div><\/div><\/div><div class=\"fusion-layout-column fusion_builder_column fusion-builder-column-1 fusion_builder_column_1_2 1_2 fusion-flex-column\" style=\"--awb-bg-size:cover;--awb-width-large:50%;--awb-margin-top-large:0px;--awb-spacing-right-large:3.84%;--awb-margin-bottom-large:20px;--awb-spacing-left-large:3.84%;--awb-width-medium:100%;--awb-order-medium:0;--awb-spacing-right-medium:1.92%;--awb-spacing-left-medium:1.92%;--awb-width-small:100%;--awb-order-small:0;--awb-spacing-right-small:1.92%;--awb-spacing-left-small:1.92%;\"><div class=\"fusion-column-wrapper fusion-column-has-shadow fusion-flex-justify-content-flex-start fusion-content-layout-column\"><div class=\"fusion-separator fusion-no-small-visibility\" style=\"align-self: center;margin-left: auto;margin-right: auto;margin-top:30px;margin-bottom:60px;width:100%;max-width:40%;\"><div class=\"fusion-separator-border sep-single\" style=\"--awb-height:20px;--awb-amount:20px;--awb-sep-color:#ffffff;border-color:#ffffff;border-top-width:1px;\"><\/div><\/div><div class=\"fusion-image-element\" style=\"--awb-caption-title-font-family:var(--h2_typography-font-family);--awb-caption-title-font-weight:var(--h2_typography-font-weight);--awb-caption-title-font-style:var(--h2_typography-font-style);--awb-caption-title-size:var(--h2_typography-font-size);--awb-caption-title-transform:var(--h2_typography-text-transform);--awb-caption-title-line-height:var(--h2_typography-line-height);--awb-caption-title-letter-spacing:var(--h2_typography-letter-spacing);\"><span class=\"fusion-imageframe imageframe-none imageframe-1 hover-type-none\"><img decoding=\"async\" width=\"1920\" height=\"2560\" title=\"DSC_1395\" src=\"https:\/\/heattreatmentsolution.eu\/wp-content\/uploads\/2020\/09\/DSC_1395-scaled.jpg\" alt class=\"img-responsive wp-image-1386\" srcset=\"https:\/\/www.kepka.tech\/wp-content\/uploads\/2020\/09\/DSC_1395-200x267.jpg 200w, https:\/\/www.kepka.tech\/wp-content\/uploads\/2020\/09\/DSC_1395-400x533.jpg 400w, https:\/\/www.kepka.tech\/wp-content\/uploads\/2020\/09\/DSC_1395-600x800.jpg 600w, https:\/\/www.kepka.tech\/wp-content\/uploads\/2020\/09\/DSC_1395-800x1067.jpg 800w, https:\/\/www.kepka.tech\/wp-content\/uploads\/2020\/09\/DSC_1395-1200x1600.jpg 1200w, https:\/\/www.kepka.tech\/wp-content\/uploads\/2020\/09\/DSC_1395-scaled.jpg 1920w\" sizes=\"(max-width: 1040px) 100vw, (max-width: 640px) 100vw, 600px\" \/><\/span><\/div><\/div><\/div><\/div><\/div><div class=\"fusion-fullwidth fullwidth-box fusion-builder-row-2 fusion-flex-container nonhundred-percent-fullwidth non-hundred-percent-height-scrolling\" style=\"--awb-background-position:center bottom;--awb-background-repeat:repeat-x;--awb-border-sizes-top:0px;--awb-border-sizes-bottom:0px;--awb-border-sizes-left:0px;--awb-border-sizes-right:0px;--awb-border-radius-top-left:0px;--awb-border-radius-top-right:0px;--awb-border-radius-bottom-right:0px;--awb-border-radius-bottom-left:0px;--awb-padding-top:60px;--awb-padding-bottom:50px;--awb-background-color:#686868;--awb-flex-wrap:wrap;\" ><div class=\"fusion-builder-row fusion-row fusion-flex-align-items-flex-start fusion-flex-content-wrap\" style=\"max-width:calc( 1170px + 0px );margin-left: calc(-0px \/ 2 );margin-right: calc(-0px \/ 2 );\"><div class=\"fusion-layout-column fusion_builder_column fusion-builder-column-2 fusion_builder_column_2_3 2_3 fusion-flex-column fusion-animated\" style=\"--awb-bg-size:cover;--awb-width-large:66.666666666667%;--awb-margin-top-large:0px;--awb-spacing-right-large:0px;--awb-margin-bottom-large:0px;--awb-spacing-left-large:0px;--awb-width-medium:100%;--awb-spacing-right-medium:0px;--awb-spacing-left-medium:0px;--awb-width-small:100%;--awb-spacing-right-small:0px;--awb-spacing-left-small:0px;\" data-animationtype=\"slideInLeft\" data-animationduration=\"0.5\" data-animationoffset=\"top-into-view\"><div class=\"fusion-column-wrapper fusion-flex-justify-content-flex-start fusion-content-layout-column\"><div class=\"fusion-title title fusion-title-2 fusion-sep-none fusion-title-text fusion-title-size-two\" style=\"--awb-margin-bottom:0px;--awb-margin-top-small:0px;--awb-margin-right-small:0px;--awb-margin-bottom-small:20px;--awb-margin-left-small:0px;\"><h2 class=\"fusion-title-heading title-heading-left md-text-align-center fusion-responsive-typography-calculated\" style=\"margin:0;--fontSize:29;line-height:1.5;\"><span style=\"color: #ffffff;\">Suivez KEPKA sur les r\u00e9seaux sociaux<\/span><\/h2><\/div><div class=\"fusion-text fusion-text-2 md-text-align-center\"><p><span style=\"color: #ffffff; font-size: 18px;\">Suivez-nous sur les r\u00e9seaux sociaux et apprenez \u00e0 mieux nous conna\u00eetre.<\/span><\/p>\n<\/div><\/div><\/div><div class=\"fusion-layout-column fusion_builder_column fusion-builder-column-3 fusion_builder_column_1_3 1_3 fusion-flex-column fusion-animated\" style=\"--awb-bg-size:cover;--awb-width-large:33.333333333333%;--awb-margin-top-large:10px;--awb-spacing-right-large:0px;--awb-margin-bottom-large:20px;--awb-spacing-left-large:0px;--awb-width-medium:100%;--awb-spacing-right-medium:0px;--awb-spacing-left-medium:0px;--awb-width-small:100%;--awb-spacing-right-small:0px;--awb-spacing-left-small:0px;\" data-animationtype=\"slideInRight\" data-animationduration=\"0.8\" data-animationoffset=\"top-into-view\"><div class=\"fusion-column-wrapper fusion-flex-justify-content-flex-start fusion-content-layout-column\"><div class=\"fusion-social-links fusion-social-links-1\" style=\"--awb-margin-top:0px;--awb-margin-right:0px;--awb-margin-bottom:0px;--awb-margin-left:0px;--awb-alignment:center;--awb-box-border-top:0px;--awb-box-border-right:0px;--awb-box-border-bottom:0px;--awb-box-border-left:0px;--awb-icon-colors-hover:rgba(239,125,29,0.8);--awb-box-colors-hover:rgba(232,232,232,0.8);--awb-box-border-color:var(--awb-color3);--awb-box-border-color-hover:var(--awb-color4);\"><div class=\"fusion-social-networks boxed-icons color-type-custom\"><div class=\"fusion-social-networks-wrapper\"><a class=\"fusion-social-network-icon fusion-tooltip fusion-facebook awb-icon-facebook\" style=\"color:#ef7d1d;font-size:22px;width:22px;background-color:#ffffff;border-color:#ffffff;border-radius:50%;\" data-placement=\"top\" data-title=\"Facebook\" data-toggle=\"tooltip\" title=\"Facebook\" aria-label=\"facebook\" target=\"_blank\" rel=\"noopener noreferrer\" href=\"https:\/\/www.facebook.com\/kepkaheatsolutions\/\"><\/a><a class=\"fusion-social-network-icon fusion-tooltip fusion-instagram awb-icon-instagram\" style=\"color:#ef7d1d;font-size:22px;width:22px;background-color:#ffffff;border-color:#ffffff;border-radius:50%;\" data-placement=\"top\" data-title=\"Instagram\" data-toggle=\"tooltip\" title=\"Instagram\" aria-label=\"instagram\" target=\"_blank\" rel=\"noopener noreferrer\" href=\"https:\/\/www.instagram.com\/kepka_group_store\/\"><\/a><a class=\"fusion-social-network-icon fusion-tooltip fusion-youtube awb-icon-youtube\" style=\"color:#ef7d1d;font-size:22px;width:22px;background-color:#ffffff;border-color:#ffffff;border-radius:50%;\" data-placement=\"top\" data-title=\"YouTube\" data-toggle=\"tooltip\" title=\"YouTube\" aria-label=\"youtube\" target=\"_blank\" rel=\"noopener noreferrer\" href=\"https:\/\/www.youtube.com\/channel\/UC-MNVDbgEBxNK-HJZp_qafA\"><\/a><a class=\"fusion-social-network-icon fusion-tooltip fusion-phone awb-icon-phone\" style=\"color:#ef7d1d;font-size:22px;width:22px;background-color:#ffffff;border-color:#ffffff;border-radius:50%;\" data-placement=\"top\" data-title=\"T\u00e9l\u00e9phone\" data-toggle=\"tooltip\" title=\"T\u00e9l\u00e9phone\" aria-label=\"phone\" target=\"_self\" rel=\"noopener noreferrer\" href=\"tel:+48 606 444 713\"><\/a><\/div><\/div><\/div><\/div><\/div><\/div><\/div><div class=\"fusion-fullwidth fullwidth-box fusion-builder-row-3 fusion-flex-container hundred-percent-fullwidth non-hundred-percent-height-scrolling\" style=\"--awb-background-position:center bottom;--awb-background-repeat:repeat-x;--awb-border-sizes-top:0px;--awb-border-sizes-bottom:0px;--awb-border-sizes-left:0px;--awb-border-sizes-right:0px;--awb-border-radius-top-left:0px;--awb-border-radius-top-right:0px;--awb-border-radius-bottom-right:0px;--awb-border-radius-bottom-left:0px;--awb-padding-top:0px;--awb-padding-right:0px;--awb-padding-bottom:0px;--awb-padding-left:0px;--awb-background-color:rgba(255,255,255,0.84);--awb-flex-wrap:wrap;\" ><div class=\"fusion-builder-row fusion-row fusion-flex-align-items-stretch fusion-flex-content-wrap\" style=\"width:calc( 100% + 0px ) !important;max-width:calc( 100% + 0px ) !important;margin-left: calc(-0px \/ 2 );margin-right: calc(-0px \/ 2 );\"><div class=\"fusion-layout-column fusion_builder_column fusion-builder-column-4 fusion_builder_column_3_5 3_5 fusion-flex-column\" style=\"--awb-bg-size:cover;--awb-width-large:60%;--awb-margin-top-large:0px;--awb-spacing-right-large:0px;--awb-margin-bottom-large:0px;--awb-spacing-left-large:0px;--awb-width-medium:100%;--awb-spacing-right-medium:0px;--awb-spacing-left-medium:0px;--awb-width-small:100%;--awb-spacing-right-small:0px;--awb-spacing-left-small:0px;\"><div class=\"fusion-column-wrapper fusion-flex-justify-content-flex-start fusion-content-layout-column\"><iframe src=\"https:\/\/www.google.com\/maps\/embed?pb=!1m18!1m12!1m3!1d2397.637003620001!2d17.20837301585403!3d53.062829479920616!2m3!1f0!2f0!3f0!3m2!1i1024!2i768!4f13.1!3m3!1m2!1s0x4703915467dc4c51%3A0x344a4e080a135f7c!2sKepka%20Group%20Produkcja%20Piec%C3%B3w!5e0!3m2!1spl!2spl!4v1597608610917!5m2!1spl!2spl\" width=\"100%\" height=\"550px\" frameborder=\"0\" style=\"border:0;\" allowfullscreen=\"\" aria-hidden=\"false\" tabindex=\"0\"><\/iframe><\/div><\/div><div class=\"fusion-layout-column fusion_builder_column fusion-builder-column-5 fusion_builder_column_2_5 2_5 fusion-flex-column\" style=\"--awb-padding-right:15%;--awb-padding-left:15%;--awb-padding-top-medium:10%;--awb-padding-right-medium:10%;--awb-padding-bottom-medium:10%;--awb-padding-left-medium:10%;--awb-bg-size:cover;--awb-width-large:40%;--awb-margin-top-large:0px;--awb-spacing-right-large:0px;--awb-margin-bottom-large:20px;--awb-spacing-left-large:0px;--awb-width-medium:100%;--awb-spacing-right-medium:0px;--awb-spacing-left-medium:0px;--awb-width-small:100%;--awb-spacing-right-small:0px;--awb-spacing-left-small:0px;\"><div class=\"fusion-column-wrapper fusion-flex-justify-content-center fusion-content-layout-column\"><div class=\"fusion-separator\" style=\"align-self: center;margin-left: auto;margin-right: auto;margin-top:20px;margin-bottom:20px;width:100%;max-width:60%;\"><\/div><div class=\"fusion-title title fusion-title-3 fusion-sep-none fusion-title-text fusion-title-size-three\" style=\"--awb-margin-bottom:0px;--awb-margin-top-small:0px;--awb-margin-right-small:0px;--awb-margin-bottom-small:0px;--awb-margin-left-small:0px;\"><h3 class=\"fusion-title-heading title-heading-left fusion-responsive-typography-calculated\" style=\"margin:0;--fontSize:16;--minFontSize:16;line-height:1.5;\"><img decoding=\"async\" class=\"alignnone wp-image-425\" src=\"https:\/\/www.kepka.tech\/wp-content\/uploads\/2020\/08\/Kepka-Icon.png\" alt=\"\" width=\"100\" height=\"101\" srcset=\"https:\/\/www.kepka.tech\/wp-content\/uploads\/2020\/08\/Kepka-Icon-66x66.png 66w, https:\/\/www.kepka.tech\/wp-content\/uploads\/2020\/08\/Kepka-Icon-100x100.png 100w, https:\/\/www.kepka.tech\/wp-content\/uploads\/2020\/08\/Kepka-Icon-150x150.png 150w, https:\/\/www.kepka.tech\/wp-content\/uploads\/2020\/08\/Kepka-Icon.png 179w\" sizes=\"(max-width: 100px) 100vw, 100px\" \/><\/h3><\/div><div class=\"fusion-separator\" style=\"align-self: flex-start;margin-right:auto;margin-top:30px;margin-bottom:50px;width:100%;max-width:8%;\"><div class=\"fusion-separator-border sep-single\" style=\"--awb-height:20px;--awb-amount:20px;--awb-sep-color:#ef7d1d;border-color:#ef7d1d;border-top-width:1px;\"><\/div><\/div><div class=\"fusion-text fusion-text-3\"><p style=\"color: #ffffff; font-size: 18px;\"><span style=\"color: #808080;\">Lipia G\u00f3ra 95A,<\/span><br \/>\n<span style=\"color: #808080;\">64-820 Szamocin Poland<\/span><\/p>\n<p style=\"color: #ffffff; font-size: 18px;\"><span style=\"color: #808080;\">T\u00e9l\u00e9phone +48 515 034 171<\/span><span style=\"color: #808080;\"><a style=\"color: #808080;\" href=\"mailto:piece@kepka.com.pl\"><br \/>\n<\/a>Web: <a href=\"https:\/\/www.kepka.tech\/fr\/\">kepka.tech<\/a><\/span><\/p>\n<\/div><div class=\"fusion-title title fusion-title-4 fusion-sep-none fusion-title-text fusion-title-size-three\" style=\"--awb-margin-bottom:0px;--awb-margin-top-small:0px;--awb-margin-right-small:0px;--awb-margin-bottom-small:0px;--awb-margin-left-small:0px;\"><h3 class=\"fusion-title-heading title-heading-left fusion-responsive-typography-calculated\" style=\"margin:0;--fontSize:16;--minFontSize:16;line-height:1.5;\"><img decoding=\"async\" class=\"alignnone wp-image-570\" src=\"https:\/\/www.kepka.tech\/wp-content\/uploads\/2020\/08\/Made-in.png\" alt=\"\" width=\"198\" height=\"34\" srcset=\"https:\/\/www.kepka.tech\/wp-content\/uploads\/2020\/08\/Made-in-200x34.png 200w, https:\/\/www.kepka.tech\/wp-content\/uploads\/2020\/08\/Made-in-300x51.png 300w, https:\/\/www.kepka.tech\/wp-content\/uploads\/2020\/08\/Made-in-400x69.png 400w, https:\/\/www.kepka.tech\/wp-content\/uploads\/2020\/08\/Made-in-500x86.png 500w, https:\/\/www.kepka.tech\/wp-content\/uploads\/2020\/08\/Made-in-600x103.png 600w, https:\/\/www.kepka.tech\/wp-content\/uploads\/2020\/08\/Made-in.png 659w\" sizes=\"(max-width: 198px) 100vw, 198px\" \/><\/h3><\/div><div class=\"fusion-separator\" style=\"align-self: center;margin-left: auto;margin-right: auto;margin-top:20px;margin-bottom:20px;width:100%;max-width:60%;\"><\/div><\/div><\/div><\/div><\/div><\/p>","protected":false},"excerpt":{"rendered":"","protected":false},"author":1,"featured_media":1386,"parent":0,"menu_order":0,"comment_status":"closed","ping_status":"closed","template":"100-width.php","meta":{"inline_featured_image":false,"footnotes":""},"class_list":["post-1371","page","type-page","status-publish","has-post-thumbnail","hentry"],"yoast_head":"<!-- This site is optimized with the Yoast SEO plugin v27.2 - https:\/\/yoast.com\/product\/yoast-seo-wordpress\/ -->\n<title>Fire Resistant Simulation - KEPKA<\/title>\n<meta name=\"robots\" content=\"index, follow, max-snippet:-1, max-image-preview:large, max-video-preview:-1\" \/>\n<link rel=\"canonical\" href=\"https:\/\/www.kepka.tech\/fr\/fire-resistant-simulation-rapid-heating\/\" \/>\n<meta property=\"og:locale\" content=\"fr_FR\" \/>\n<meta property=\"og:type\" content=\"article\" \/>\n<meta property=\"og:title\" content=\"Fire Resistant Simulation - KEPKA\" \/>\n<meta property=\"og:url\" content=\"https:\/\/www.kepka.tech\/fr\/fire-resistant-simulation-rapid-heating\/\" \/>\n<meta property=\"og:site_name\" content=\"KEPKA\" \/>\n<meta property=\"article:publisher\" content=\"https:\/\/www.facebook.com\/Kepka.tech\" \/>\n<meta property=\"article:modified_time\" content=\"2020-12-29T14:45:18+00:00\" \/>\n<meta property=\"og:image\" content=\"https:\/\/www.kepka.tech\/wp-content\/uploads\/2020\/09\/DSC_1395-scaled.jpg\" \/>\n\t<meta property=\"og:image:width\" content=\"1920\" \/>\n\t<meta property=\"og:image:height\" content=\"2560\" \/>\n\t<meta property=\"og:image:type\" content=\"image\/jpeg\" \/>\n<meta name=\"twitter:card\" content=\"summary_large_image\" \/>\n<meta name=\"twitter:label1\" content=\"Dur\u00e9e de lecture estim\u00e9e\" \/>\n\t<meta name=\"twitter:data1\" content=\"14 minutes\" \/>\n<script type=\"application\/ld+json\" class=\"yoast-schema-graph\">{\"@context\":\"https:\/\/schema.org\",\"@graph\":[{\"@type\":\"WebPage\",\"@id\":\"https:\/\/www.kepka.tech\/fire-resistant-simulation-rapid-heating\/\",\"url\":\"https:\/\/www.kepka.tech\/fire-resistant-simulation-rapid-heating\/\",\"name\":\"Fire Resistant Simulation - KEPKA\",\"isPartOf\":{\"@id\":\"https:\/\/www.kepka.tech\/fr\/#website\"},\"primaryImageOfPage\":{\"@id\":\"https:\/\/www.kepka.tech\/fire-resistant-simulation-rapid-heating\/#primaryimage\"},\"image\":{\"@id\":\"https:\/\/www.kepka.tech\/fire-resistant-simulation-rapid-heating\/#primaryimage\"},\"thumbnailUrl\":\"https:\/\/www.kepka.tech\/wp-content\/uploads\/2020\/09\/DSC_1395-scaled.jpg\",\"datePublished\":\"2020-09-08T11:16:26+00:00\",\"dateModified\":\"2020-12-29T14:45:18+00:00\",\"breadcrumb\":{\"@id\":\"https:\/\/www.kepka.tech\/fire-resistant-simulation-rapid-heating\/#breadcrumb\"},\"inLanguage\":\"fr-FR\",\"potentialAction\":[{\"@type\":\"ReadAction\",\"target\":[\"https:\/\/www.kepka.tech\/fire-resistant-simulation-rapid-heating\/\"]}]},{\"@type\":\"ImageObject\",\"inLanguage\":\"fr-FR\",\"@id\":\"https:\/\/www.kepka.tech\/fire-resistant-simulation-rapid-heating\/#primaryimage\",\"url\":\"https:\/\/www.kepka.tech\/wp-content\/uploads\/2020\/09\/DSC_1395-scaled.jpg\",\"contentUrl\":\"https:\/\/www.kepka.tech\/wp-content\/uploads\/2020\/09\/DSC_1395-scaled.jpg\",\"width\":1920,\"height\":2560},{\"@type\":\"BreadcrumbList\",\"@id\":\"https:\/\/www.kepka.tech\/fire-resistant-simulation-rapid-heating\/#breadcrumb\",\"itemListElement\":[{\"@type\":\"ListItem\",\"position\":1,\"name\":\"Strona g\u0142\u00f3wna\",\"item\":\"https:\/\/www.kepka.tech\/\"},{\"@type\":\"ListItem\",\"position\":2,\"name\":\"Fire Resistant Simulation\"}]},{\"@type\":\"WebSite\",\"@id\":\"https:\/\/www.kepka.tech\/fr\/#website\",\"url\":\"https:\/\/www.kepka.tech\/fr\/\",\"name\":\"KEPKA\",\"description\":\"Polish Producer of Chamber Furnaces and Tunnel Kilns\",\"publisher\":{\"@id\":\"https:\/\/www.kepka.tech\/fr\/#organization\"},\"potentialAction\":[{\"@type\":\"SearchAction\",\"target\":{\"@type\":\"EntryPoint\",\"urlTemplate\":\"https:\/\/www.kepka.tech\/fr\/?s={search_term_string}\"},\"query-input\":{\"@type\":\"PropertyValueSpecification\",\"valueRequired\":true,\"valueName\":\"search_term_string\"}}],\"inLanguage\":\"fr-FR\"},{\"@type\":\"Organization\",\"@id\":\"https:\/\/www.kepka.tech\/fr\/#organization\",\"name\":\"Kepka\",\"url\":\"https:\/\/www.kepka.tech\/fr\/\",\"logo\":{\"@type\":\"ImageObject\",\"inLanguage\":\"fr-FR\",\"@id\":\"https:\/\/www.kepka.tech\/fr\/#\/schema\/logo\/image\/\",\"url\":\"https:\/\/www.kepka.tech\/wp-content\/uploads\/2020\/09\/Kepka-logo-Orange-4K-e1600164952457.jpg\",\"contentUrl\":\"https:\/\/www.kepka.tech\/wp-content\/uploads\/2020\/09\/Kepka-logo-Orange-4K-e1600164952457.jpg\",\"width\":500,\"height\":168,\"caption\":\"Kepka\"},\"image\":{\"@id\":\"https:\/\/www.kepka.tech\/fr\/#\/schema\/logo\/image\/\"},\"sameAs\":[\"https:\/\/www.facebook.com\/Kepka.tech\"]}]}<\/script>\n<!-- \/ Yoast SEO plugin. -->","yoast_head_json":{"title":"Fire Resistant Simulation - KEPKA","robots":{"index":"index","follow":"follow","max-snippet":"max-snippet:-1","max-image-preview":"max-image-preview:large","max-video-preview":"max-video-preview:-1"},"canonical":"https:\/\/www.kepka.tech\/fr\/fire-resistant-simulation-rapid-heating\/","og_locale":"fr_FR","og_type":"article","og_title":"Fire Resistant Simulation - KEPKA","og_url":"https:\/\/www.kepka.tech\/fr\/fire-resistant-simulation-rapid-heating\/","og_site_name":"KEPKA","article_publisher":"https:\/\/www.facebook.com\/Kepka.tech","article_modified_time":"2020-12-29T14:45:18+00:00","og_image":[{"width":1920,"height":2560,"url":"https:\/\/www.kepka.tech\/wp-content\/uploads\/2020\/09\/DSC_1395-scaled.jpg","type":"image\/jpeg"}],"twitter_card":"summary_large_image","twitter_misc":{"Dur\u00e9e de lecture estim\u00e9e":"14 minutes"},"schema":{"@context":"https:\/\/schema.org","@graph":[{"@type":"WebPage","@id":"https:\/\/www.kepka.tech\/fire-resistant-simulation-rapid-heating\/","url":"https:\/\/www.kepka.tech\/fire-resistant-simulation-rapid-heating\/","name":"Fire Resistant Simulation - KEPKA","isPartOf":{"@id":"https:\/\/www.kepka.tech\/fr\/#website"},"primaryImageOfPage":{"@id":"https:\/\/www.kepka.tech\/fire-resistant-simulation-rapid-heating\/#primaryimage"},"image":{"@id":"https:\/\/www.kepka.tech\/fire-resistant-simulation-rapid-heating\/#primaryimage"},"thumbnailUrl":"https:\/\/www.kepka.tech\/wp-content\/uploads\/2020\/09\/DSC_1395-scaled.jpg","datePublished":"2020-09-08T11:16:26+00:00","dateModified":"2020-12-29T14:45:18+00:00","breadcrumb":{"@id":"https:\/\/www.kepka.tech\/fire-resistant-simulation-rapid-heating\/#breadcrumb"},"inLanguage":"fr-FR","potentialAction":[{"@type":"ReadAction","target":["https:\/\/www.kepka.tech\/fire-resistant-simulation-rapid-heating\/"]}]},{"@type":"ImageObject","inLanguage":"fr-FR","@id":"https:\/\/www.kepka.tech\/fire-resistant-simulation-rapid-heating\/#primaryimage","url":"https:\/\/www.kepka.tech\/wp-content\/uploads\/2020\/09\/DSC_1395-scaled.jpg","contentUrl":"https:\/\/www.kepka.tech\/wp-content\/uploads\/2020\/09\/DSC_1395-scaled.jpg","width":1920,"height":2560},{"@type":"BreadcrumbList","@id":"https:\/\/www.kepka.tech\/fire-resistant-simulation-rapid-heating\/#breadcrumb","itemListElement":[{"@type":"ListItem","position":1,"name":"Strona g\u0142\u00f3wna","item":"https:\/\/www.kepka.tech\/"},{"@type":"ListItem","position":2,"name":"Fire Resistant Simulation"}]},{"@type":"WebSite","@id":"https:\/\/www.kepka.tech\/fr\/#website","url":"https:\/\/www.kepka.tech\/fr\/","name":"KEPKA","description":"Polish Producer of Chamber Furnaces and Tunnel Kilns","publisher":{"@id":"https:\/\/www.kepka.tech\/fr\/#organization"},"potentialAction":[{"@type":"SearchAction","target":{"@type":"EntryPoint","urlTemplate":"https:\/\/www.kepka.tech\/fr\/?s={search_term_string}"},"query-input":{"@type":"PropertyValueSpecification","valueRequired":true,"valueName":"search_term_string"}}],"inLanguage":"fr-FR"},{"@type":"Organization","@id":"https:\/\/www.kepka.tech\/fr\/#organization","name":"Kepka","url":"https:\/\/www.kepka.tech\/fr\/","logo":{"@type":"ImageObject","inLanguage":"fr-FR","@id":"https:\/\/www.kepka.tech\/fr\/#\/schema\/logo\/image\/","url":"https:\/\/www.kepka.tech\/wp-content\/uploads\/2020\/09\/Kepka-logo-Orange-4K-e1600164952457.jpg","contentUrl":"https:\/\/www.kepka.tech\/wp-content\/uploads\/2020\/09\/Kepka-logo-Orange-4K-e1600164952457.jpg","width":500,"height":168,"caption":"Kepka"},"image":{"@id":"https:\/\/www.kepka.tech\/fr\/#\/schema\/logo\/image\/"},"sameAs":["https:\/\/www.facebook.com\/Kepka.tech"]}]}},"_links":{"self":[{"href":"https:\/\/www.kepka.tech\/fr\/wp-json\/wp\/v2\/pages\/1371","targetHints":{"allow":["GET"]}}],"collection":[{"href":"https:\/\/www.kepka.tech\/fr\/wp-json\/wp\/v2\/pages"}],"about":[{"href":"https:\/\/www.kepka.tech\/fr\/wp-json\/wp\/v2\/types\/page"}],"author":[{"embeddable":true,"href":"https:\/\/www.kepka.tech\/fr\/wp-json\/wp\/v2\/users\/1"}],"replies":[{"embeddable":true,"href":"https:\/\/www.kepka.tech\/fr\/wp-json\/wp\/v2\/comments?post=1371"}],"version-history":[{"count":0,"href":"https:\/\/www.kepka.tech\/fr\/wp-json\/wp\/v2\/pages\/1371\/revisions"}],"wp:featuredmedia":[{"embeddable":true,"href":"https:\/\/www.kepka.tech\/fr\/wp-json\/wp\/v2\/media\/1386"}],"wp:attachment":[{"href":"https:\/\/www.kepka.tech\/fr\/wp-json\/wp\/v2\/media?parent=1371"}],"curies":[{"name":"wp","href":"https:\/\/api.w.org\/{rel}","templated":true}]}}