{"id":1101,"date":"2020-09-02T10:09:59","date_gmt":"2020-09-02T10:09:59","guid":{"rendered":"https:\/\/heattreatmentsolution.eu\/?post_type=product&#038;p=1101"},"modified":"2025-07-25T08:36:20","modified_gmt":"2025-07-25T08:36:20","slug":"ceramic-plate-560x500x17-mm","status":"publish","type":"product","link":"https:\/\/www.kepka.tech\/zh\/product\/ceramic-plate-560x500x17-mm\/","title":{"rendered":"Ceramic Plate 560x500x17 mm"},"content":{"rendered":"<p><strong>Italian<\/strong> <strong>cordierite-mullite plate<\/strong>\u00a0 T3C3- intended, among others, as a shelf for a ceramic kiln.<\/p>\n<p>Characterized by high <strong>mechanical strength<\/strong> \u548c <strong>high temperature resistance.<\/strong><\/p>\n<\/p>\n<div class=\"table-2 fusion-no-small-visibility fusion-no-medium-visibility\">\n<table style=\"height: 288px;\" width=\"715\">\n<thead>\n<tr>\n<th align=\"left\"><strong>Ceramic plate with tubules inside &#8211; up to 1300 \u00b0 C<\/strong><\/th>\n<th align=\"left\"><\/th>\n<\/tr>\n<\/thead>\n<tbody>\n<tr>\n<td align=\"left\">Country of origin<\/td>\n<td align=\"left\">Italy<\/td>\n<\/tr>\n<tr>\n<td align=\"left\">Material<\/td>\n<td align=\"left\">Cordierite-Mullite<\/td>\n<\/tr>\n<tr>\n<td align=\"left\">Thermal conductivity<\/td>\n<td align=\"left\">1-1,5W\/mK<\/td>\n<\/tr>\n<tr>\n<td align=\"left\">Thermal shock resistance<\/td>\n<td align=\"left\">good<\/td>\n<\/tr>\n<tr>\n<td align=\"left\">Creep resistance<\/td>\n<td align=\"left\">good<\/td>\n<\/tr>\n<tr>\n<td align=\"left\">Chemical corrosion resistance<\/td>\n<td align=\"left\">good<\/td>\n<\/tr>\n<tr>\n<td align=\"left\">Thermal expansion coefficient<\/td>\n<td align=\"left\">2,5-2,9 1\/K*10-6<\/td>\n<\/tr>\n<tr>\n<td align=\"left\">Thermal conductivity<\/td>\n<td align=\"left\">good<\/td>\n<\/tr>\n<tr>\n<td align=\"left\">Possibility of cutting to individual size<\/td>\n<td align=\"left\">YES<\/td>\n<\/tr>\n<\/tbody>\n<\/table>\n<\/div>\n<p>\n<p>&nbsp;<\/p>\n<p>We recommend that before using the plate for the first time, dry it in the furnace at 120 \u00b0 C for at least 2 hours, and then cool it down.<\/p>\n<p>We cut plates to individual dimensions only when paying in advance, after posting the amount due or receiving a payment confirmation by e-mail.<\/p>\n<p>We do not accept returns of panels cut to individual dimensions<\/p>\n<p>&nbsp;<\/p>\n<p>*The standard plates named \u201cT3\u201d, with 17mm thickness have a 4\u2030 flatness tolerance on its length.<\/p>\n<p><strong>Importatnt!<\/strong><\/p>\n<p>Plates are consumables. Due to their use, they are not covered by the warranty.<\/p>","protected":false},"excerpt":{"rendered":"<p>Italian cordierite-mullite plate\u00a0 T3C3- intended, among others, as a shelf for a ceramic kiln. Characterized by  [&#8230;]<\/p>\n","protected":false},"featured_media":1138,"comment_status":"open","ping_status":"closed","template":"","meta":{"inline_featured_image":false},"product_brand":[],"product_cat":[404,403,32],"product_tag":[],"class_list":{"0":"post-1101","1":"product","2":"type-product","3":"status-publish","4":"has-post-thumbnail","6":"product_cat-ceramic-plates-furnace-equipment","7":"product_cat-plate-eco-up-to-1300c","8":"product_cat-technical_ceramics","10":"first","11":"instock","12":"taxable","13":"shipping-taxable","14":"purchasable","15":"product-type-simple"},"yoast_head":"<!-- This site is optimized with the Yoast SEO plugin v27.2 - https:\/\/yoast.com\/product\/yoast-seo-wordpress\/ -->\n<title>Ceramic Plate 560x500x17 mm - KEPKA<\/title>\n<meta name=\"robots\" content=\"index, follow, max-snippet:-1, max-image-preview:large, max-video-preview:-1\" \/>\n<link rel=\"canonical\" href=\"https:\/\/www.kepka.tech\/zh\/product\/ceramic-plate-560x500x17-mm\/\" \/>\n<meta property=\"og:locale\" content=\"zh_CN\" \/>\n<meta property=\"og:type\" content=\"article\" \/>\n<meta property=\"og:title\" content=\"Ceramic Plate 560x500x17 mm - KEPKA\" \/>\n<meta property=\"og:description\" content=\"Italian cordierite-mullite plate\u00a0 T3C3- intended, among others, as a shelf for a ceramic kiln. Characterized by [...]\" \/>\n<meta property=\"og:url\" content=\"https:\/\/www.kepka.tech\/zh\/product\/ceramic-plate-560x500x17-mm\/\" \/>\n<meta property=\"og:site_name\" content=\"KEPKA\" \/>\n<meta property=\"article:publisher\" content=\"https:\/\/www.facebook.com\/Kepka.tech\" \/>\n<meta property=\"article:modified_time\" content=\"2025-07-25T08:36:20+00:00\" \/>\n<meta property=\"og:image\" content=\"https:\/\/www.kepka.tech\/wp-content\/uploads\/2020\/09\/Plyta_sklep_nowa-2.jpg\" \/>\n\t<meta property=\"og:image:width\" content=\"400\" \/>\n\t<meta property=\"og:image:height\" content=\"600\" \/>\n\t<meta property=\"og:image:type\" content=\"image\/jpeg\" \/>\n<meta name=\"twitter:card\" content=\"summary_large_image\" \/>\n<meta name=\"twitter:label1\" content=\"\u9884\u8ba1\u9605\u8bfb\u65f6\u95f4\" \/>\n\t<meta name=\"twitter:data1\" content=\"2 \u5206\" \/>\n<script type=\"application\/ld+json\" class=\"yoast-schema-graph\">{\"@context\":\"https:\/\/schema.org\",\"@graph\":[{\"@type\":\"WebPage\",\"@id\":\"https:\/\/www.kepka.tech\/product\/ceramic-plate-560x500x17-mm\/\",\"url\":\"https:\/\/www.kepka.tech\/product\/ceramic-plate-560x500x17-mm\/\",\"name\":\"Ceramic Plate 560x500x17 mm - KEPKA\",\"isPartOf\":{\"@id\":\"https:\/\/www.kepka.tech\/fr\/#website\"},\"primaryImageOfPage\":{\"@id\":\"https:\/\/www.kepka.tech\/product\/ceramic-plate-560x500x17-mm\/#primaryimage\"},\"image\":{\"@id\":\"https:\/\/www.kepka.tech\/product\/ceramic-plate-560x500x17-mm\/#primaryimage\"},\"thumbnailUrl\":\"https:\/\/www.kepka.tech\/wp-content\/uploads\/2020\/09\/Plyta_sklep_nowa-2.jpg\",\"datePublished\":\"2020-09-02T10:09:59+00:00\",\"dateModified\":\"2025-07-25T08:36:20+00:00\",\"breadcrumb\":{\"@id\":\"https:\/\/www.kepka.tech\/product\/ceramic-plate-560x500x17-mm\/#breadcrumb\"},\"inLanguage\":\"zh-Hans\",\"potentialAction\":[{\"@type\":\"ReadAction\",\"target\":[\"https:\/\/www.kepka.tech\/product\/ceramic-plate-560x500x17-mm\/\"]}]},{\"@type\":\"ImageObject\",\"inLanguage\":\"zh-Hans\",\"@id\":\"https:\/\/www.kepka.tech\/product\/ceramic-plate-560x500x17-mm\/#primaryimage\",\"url\":\"https:\/\/www.kepka.tech\/wp-content\/uploads\/2020\/09\/Plyta_sklep_nowa-2.jpg\",\"contentUrl\":\"https:\/\/www.kepka.tech\/wp-content\/uploads\/2020\/09\/Plyta_sklep_nowa-2.jpg\",\"width\":400,\"height\":600,\"caption\":\"Kepka p\u0142yta ceramiczna p\u00f3\u0142ka do pieca piec komorowy podpora mulit kordieryt\"},{\"@type\":\"BreadcrumbList\",\"@id\":\"https:\/\/www.kepka.tech\/product\/ceramic-plate-560x500x17-mm\/#breadcrumb\",\"itemListElement\":[{\"@type\":\"ListItem\",\"position\":1,\"name\":\"Strona g\u0142\u00f3wna\",\"item\":\"https:\/\/www.kepka.tech\/\"},{\"@type\":\"ListItem\",\"position\":2,\"name\":\"Shop\",\"item\":\"https:\/\/www.kepka.tech\/fr\/shop-biwskit-chamber-furnaces-furnace-equipement\/\"},{\"@type\":\"ListItem\",\"position\":3,\"name\":\"Ceramic Plate 560x500x17 mm\"}]},{\"@type\":\"WebSite\",\"@id\":\"https:\/\/www.kepka.tech\/fr\/#website\",\"url\":\"https:\/\/www.kepka.tech\/fr\/\",\"name\":\"KEPKA\",\"description\":\"Polish Producer of Chamber Furnaces and Tunnel Kilns\",\"publisher\":{\"@id\":\"https:\/\/www.kepka.tech\/fr\/#organization\"},\"potentialAction\":[{\"@type\":\"SearchAction\",\"target\":{\"@type\":\"EntryPoint\",\"urlTemplate\":\"https:\/\/www.kepka.tech\/fr\/?s={search_term_string}\"},\"query-input\":{\"@type\":\"PropertyValueSpecification\",\"valueRequired\":true,\"valueName\":\"search_term_string\"}}],\"inLanguage\":\"zh-Hans\"},{\"@type\":\"Organization\",\"@id\":\"https:\/\/www.kepka.tech\/fr\/#organization\",\"name\":\"Kepka\",\"url\":\"https:\/\/www.kepka.tech\/fr\/\",\"logo\":{\"@type\":\"ImageObject\",\"inLanguage\":\"zh-Hans\",\"@id\":\"https:\/\/www.kepka.tech\/fr\/#\/schema\/logo\/image\/\",\"url\":\"https:\/\/www.kepka.tech\/wp-content\/uploads\/2020\/09\/Kepka-logo-Orange-4K-e1600164952457.jpg\",\"contentUrl\":\"https:\/\/www.kepka.tech\/wp-content\/uploads\/2020\/09\/Kepka-logo-Orange-4K-e1600164952457.jpg\",\"width\":500,\"height\":168,\"caption\":\"Kepka\"},\"image\":{\"@id\":\"https:\/\/www.kepka.tech\/fr\/#\/schema\/logo\/image\/\"},\"sameAs\":[\"https:\/\/www.facebook.com\/Kepka.tech\"]}]}<\/script>\n<!-- \/ Yoast SEO plugin. -->","yoast_head_json":{"title":"Ceramic Plate 560x500x17 mm - KEPKA","robots":{"index":"index","follow":"follow","max-snippet":"max-snippet:-1","max-image-preview":"max-image-preview:large","max-video-preview":"max-video-preview:-1"},"canonical":"https:\/\/www.kepka.tech\/zh\/product\/ceramic-plate-560x500x17-mm\/","og_locale":"zh_CN","og_type":"article","og_title":"Ceramic Plate 560x500x17 mm - KEPKA","og_description":"Italian cordierite-mullite plate\u00a0 T3C3- intended, among others, as a shelf for a ceramic kiln. Characterized by [...]","og_url":"https:\/\/www.kepka.tech\/zh\/product\/ceramic-plate-560x500x17-mm\/","og_site_name":"KEPKA","article_publisher":"https:\/\/www.facebook.com\/Kepka.tech","article_modified_time":"2025-07-25T08:36:20+00:00","og_image":[{"width":400,"height":600,"url":"https:\/\/www.kepka.tech\/wp-content\/uploads\/2020\/09\/Plyta_sklep_nowa-2.jpg","type":"image\/jpeg"}],"twitter_card":"summary_large_image","twitter_misc":{"\u9884\u8ba1\u9605\u8bfb\u65f6\u95f4":"2 \u5206"},"schema":{"@context":"https:\/\/schema.org","@graph":[{"@type":"WebPage","@id":"https:\/\/www.kepka.tech\/product\/ceramic-plate-560x500x17-mm\/","url":"https:\/\/www.kepka.tech\/product\/ceramic-plate-560x500x17-mm\/","name":"Ceramic Plate 560x500x17 mm - KEPKA","isPartOf":{"@id":"https:\/\/www.kepka.tech\/fr\/#website"},"primaryImageOfPage":{"@id":"https:\/\/www.kepka.tech\/product\/ceramic-plate-560x500x17-mm\/#primaryimage"},"image":{"@id":"https:\/\/www.kepka.tech\/product\/ceramic-plate-560x500x17-mm\/#primaryimage"},"thumbnailUrl":"https:\/\/www.kepka.tech\/wp-content\/uploads\/2020\/09\/Plyta_sklep_nowa-2.jpg","datePublished":"2020-09-02T10:09:59+00:00","dateModified":"2025-07-25T08:36:20+00:00","breadcrumb":{"@id":"https:\/\/www.kepka.tech\/product\/ceramic-plate-560x500x17-mm\/#breadcrumb"},"inLanguage":"zh-Hans","potentialAction":[{"@type":"ReadAction","target":["https:\/\/www.kepka.tech\/product\/ceramic-plate-560x500x17-mm\/"]}]},{"@type":"ImageObject","inLanguage":"zh-Hans","@id":"https:\/\/www.kepka.tech\/product\/ceramic-plate-560x500x17-mm\/#primaryimage","url":"https:\/\/www.kepka.tech\/wp-content\/uploads\/2020\/09\/Plyta_sklep_nowa-2.jpg","contentUrl":"https:\/\/www.kepka.tech\/wp-content\/uploads\/2020\/09\/Plyta_sklep_nowa-2.jpg","width":400,"height":600,"caption":"Kepka p\u0142yta ceramiczna p\u00f3\u0142ka do pieca piec komorowy podpora mulit kordieryt"},{"@type":"BreadcrumbList","@id":"https:\/\/www.kepka.tech\/product\/ceramic-plate-560x500x17-mm\/#breadcrumb","itemListElement":[{"@type":"ListItem","position":1,"name":"Strona g\u0142\u00f3wna","item":"https:\/\/www.kepka.tech\/"},{"@type":"ListItem","position":2,"name":"Shop","item":"https:\/\/www.kepka.tech\/fr\/shop-biwskit-chamber-furnaces-furnace-equipement\/"},{"@type":"ListItem","position":3,"name":"Ceramic Plate 560x500x17 mm"}]},{"@type":"WebSite","@id":"https:\/\/www.kepka.tech\/fr\/#website","url":"https:\/\/www.kepka.tech\/fr\/","name":"KEPKA","description":"Polish Producer of Chamber Furnaces and Tunnel Kilns","publisher":{"@id":"https:\/\/www.kepka.tech\/fr\/#organization"},"potentialAction":[{"@type":"SearchAction","target":{"@type":"EntryPoint","urlTemplate":"https:\/\/www.kepka.tech\/fr\/?s={search_term_string}"},"query-input":{"@type":"PropertyValueSpecification","valueRequired":true,"valueName":"search_term_string"}}],"inLanguage":"zh-Hans"},{"@type":"Organization","@id":"https:\/\/www.kepka.tech\/fr\/#organization","name":"Kepka","url":"https:\/\/www.kepka.tech\/fr\/","logo":{"@type":"ImageObject","inLanguage":"zh-Hans","@id":"https:\/\/www.kepka.tech\/fr\/#\/schema\/logo\/image\/","url":"https:\/\/www.kepka.tech\/wp-content\/uploads\/2020\/09\/Kepka-logo-Orange-4K-e1600164952457.jpg","contentUrl":"https:\/\/www.kepka.tech\/wp-content\/uploads\/2020\/09\/Kepka-logo-Orange-4K-e1600164952457.jpg","width":500,"height":168,"caption":"Kepka"},"image":{"@id":"https:\/\/www.kepka.tech\/fr\/#\/schema\/logo\/image\/"},"sameAs":["https:\/\/www.facebook.com\/Kepka.tech"]}]}},"_links":{"self":[{"href":"https:\/\/www.kepka.tech\/zh\/wp-json\/wp\/v2\/product\/1101","targetHints":{"allow":["GET"]}}],"collection":[{"href":"https:\/\/www.kepka.tech\/zh\/wp-json\/wp\/v2\/product"}],"about":[{"href":"https:\/\/www.kepka.tech\/zh\/wp-json\/wp\/v2\/types\/product"}],"replies":[{"embeddable":true,"href":"https:\/\/www.kepka.tech\/zh\/wp-json\/wp\/v2\/comments?post=1101"}],"wp:featuredmedia":[{"embeddable":true,"href":"https:\/\/www.kepka.tech\/zh\/wp-json\/wp\/v2\/media\/1138"}],"wp:attachment":[{"href":"https:\/\/www.kepka.tech\/zh\/wp-json\/wp\/v2\/media?parent=1101"}],"wp:term":[{"taxonomy":"product_brand","embeddable":true,"href":"https:\/\/www.kepka.tech\/zh\/wp-json\/wp\/v2\/product_brand?post=1101"},{"taxonomy":"product_cat","embeddable":true,"href":"https:\/\/www.kepka.tech\/zh\/wp-json\/wp\/v2\/product_cat?post=1101"},{"taxonomy":"product_tag","embeddable":true,"href":"https:\/\/www.kepka.tech\/zh\/wp-json\/wp\/v2\/product_tag?post=1101"}],"curies":[{"name":"wp","href":"https:\/\/api.w.org\/{rel}","templated":true}]}}